{"id":702,"date":"2020-01-26T06:20:54","date_gmt":"2020-01-26T06:20:54","guid":{"rendered":"http:\/\/juristic.themegeniuslab.com\/?page_id=18"},"modified":"2021-09-21T22:01:01","modified_gmt":"2021-09-21T20:01:01","slug":"contact-salimto-partners","status":"publish","type":"page","link":"https:\/\/salimto-partners.com\/index.php\/contact-salimto-partners\/","title":{"rendered":"Contact"},"content":{"rendered":"\t\t<div data-elementor-type=\"wp-page\" data-elementor-id=\"702\" class=\"elementor elementor-702\" data-elementor-settings=\"[]\">\n\t\t\t\t\t\t\t<div class=\"elementor-section-wrap\">\n\t\t\t\t\t\t\t<section class=\"elementor-section elementor-top-section elementor-element elementor-element-1daecb1 elementor-section-full_width elementor-section-height-default elementor-section-height-default\" data-id=\"1daecb1\" data-element_type=\"section\">\n\t\t\t\t\t\t<div class=\"elementor-container elementor-column-gap-default\">\n\t\t\t\t\t<div class=\"elementor-column elementor-col-100 elementor-top-column elementor-element elementor-element-b066461\" data-id=\"b066461\" data-element_type=\"column\">\n\t\t\t<div class=\"elementor-widget-wrap elementor-element-populated\">\n\t\t\t\t\t\t\t\t<div class=\"elementor-element elementor-element-36f3473 elementor-widget elementor-widget-tmx-juristic_contactinfo\" data-id=\"36f3473\" data-element_type=\"widget\" data-widget_type=\"tmx-juristic_contactinfo.default\">\n\t\t\t\t<div class=\"elementor-widget-container\">\n\t\t\t\t\t<div class=\"juristic-contact-section contact-section-s3\">\n\t    <div class=\"content-area clearfix\">\n\n\t        <div class=\"contact-info-col\">\n\t            <div class=\"contact-info\">\n\t                <ul>\n\t                   \t                    <li>\n\t                    \t<i class=\"fi flaticon-home-3\"><\/i><h4>Contact<\/h4><p>Sacr\u00e9 coeur 3, Num\u00e9ro 9450 (Cot\u00e9 si\u00e8ge Expresso), Dakar<\/p>\t                    <\/li>\n\t\t\t\t\t\t\t\t\t\t\t\t                    <li>\n\t                    \t<i class=\"fi flaticon-email\"><\/i><h4>Email<\/h4><p>contact@salimto-partners.com<\/p>\t                    <\/li>\n\t\t\t\t\t\t\t\t\t\t\t\t                    <li>\n\t                    \t<i class=\"fi flaticon-support\"><\/i><h4>T\u00e9l\u00e9phone<\/h4><p>+221 77 849 97 75 \/ +221 33 823 03 90<\/p>\t                    <\/li>\n\t\t\t\t\t\t\t\t\t\t\t\t                    <li>\n\t                    \t<i class=\"fi flaticon-clock\"><\/i><h4>Horaire de bureau<\/h4><p>Lundi - Vendredi : 09:00 \u2013 18:00<\/p>\t                    <\/li>\n\t\t\t\t\t\t\t\t\t\t\t\t                <\/ul>\n\t            <\/div>\n\t        <\/div>\n\n\t        <div class=\"contact-form-col\">\n\t            <div class=\"section-title-s2\">\n\t                \t\t\t\t        \t\t\t<div class=\"icon\">\n\t\t\t\t                 <i class=\"fi fi flaticon-home-3\"><\/i>\t\t\t\t            \t<\/div>\n\t\t\t\t          <span>Formulaire de contact<\/span><h2>Besoin de conseils, <br> Contactez-nous<\/h2><p>Vous pouvez utiliser ce formulaire pour  nous contacter. \nNous vous r\u00e9pondrons dans les plus brefs d\u00e9lais. <\/p>\t            <\/div>\n\t            <div class=\"contact-form\">\n\t                <div role=\"form\" class=\"wpcf7\" id=\"wpcf7-f226-o1\" lang=\"en-US\" dir=\"ltr\">\n<div class=\"screen-reader-response\"><p role=\"status\" aria-live=\"polite\" aria-atomic=\"true\"><\/p> <ul><\/ul><\/div>\n<form action=\"\/index.php\/wp-json\/wp\/v2\/pages\/702#wpcf7-f226-o1\" method=\"post\" class=\"wpcf7-form init\" novalidate=\"novalidate\" data-status=\"init\">\n<div style=\"display: none;\">\n<input type=\"hidden\" name=\"_wpcf7\" value=\"226\" \/>\n<input type=\"hidden\" name=\"_wpcf7_version\" value=\"5.4\" \/>\n<input type=\"hidden\" name=\"_wpcf7_locale\" value=\"en_US\" \/>\n<input type=\"hidden\" name=\"_wpcf7_unit_tag\" value=\"wpcf7-f226-o1\" \/>\n<input type=\"hidden\" name=\"_wpcf7_container_post\" value=\"0\" \/>\n<input type=\"hidden\" name=\"_wpcf7_posted_data_hash\" value=\"\" \/>\n<\/div>\n<div>\n<span class=\"wpcf7-form-control-wrap text-29\"><input type=\"text\" name=\"text-29\" value=\"\" size=\"40\" class=\"wpcf7-form-control wpcf7-text wpcf7-validates-as-required form-control\" aria-required=\"true\" aria-invalid=\"false\" placeholder=\"Nom\" \/><\/span>\n<\/div>\n<div>\n<span class=\"wpcf7-form-control-wrap email-75\"><input type=\"email\" name=\"email-75\" value=\"\" size=\"40\" class=\"wpcf7-form-control wpcf7-text wpcf7-email wpcf7-validates-as-required wpcf7-validates-as-email form-control\" aria-required=\"true\" aria-invalid=\"false\" placeholder=\"Email\" \/><\/span>\n<\/div>\n<div>\n<span class=\"wpcf7-form-control-wrap text-806\"><input type=\"text\" name=\"text-806\" value=\"\" size=\"40\" class=\"wpcf7-form-control wpcf7-text wpcf7-validates-as-required form-control\" aria-required=\"true\" aria-invalid=\"false\" placeholder=\"T\u00e9l\u00e9phone\" \/><\/span>\n<\/div>\n<div>\n<span class=\"wpcf7-form-control-wrap menu-93\"><select name=\"menu-93\" class=\"wpcf7-form-control wpcf7-select wpcf7-validates-as-required form-control\" aria-required=\"true\" aria-invalid=\"false\"><option value=\"Objet\">Objet<\/option><option value=\"Renseignement\">Renseignement<\/option><option value=\"Devis\">Devis<\/option><option value=\"Rendez-vous\">Rendez-vous<\/option><\/select><\/span>\n<\/div>\n<div class=\"fullwidth\">\n<span class=\"wpcf7-form-control-wrap textarea-225\"><textarea name=\"textarea-225\" cols=\"40\" rows=\"10\" class=\"wpcf7-form-control wpcf7-textarea wpcf7-validates-as-required form-control\" aria-required=\"true\" aria-invalid=\"false\" placeholder=\"Description...\"><\/textarea><\/span>\n<\/div>\n<div class=\"submit-area\">\n<input type=\"submit\" value=\"Envoyer\" class=\"wpcf7-form-control wpcf7-submit theme-btn-s3\" \/>\n<\/div>\n<div class=\"wpcf7-response-output\" aria-hidden=\"true\"><\/div><\/form><\/div> \n\t            <\/div>\n\t        <\/div>\n\t    <\/div> <!-- end content-area -->\n\t  <\/div>\n\t\t\t\t<\/div>\n\t\t\t\t<\/div>\n\t\t\t\t\t<\/div>\n\t\t<\/div>\n\t\t\t\t\t\t\t<\/div>\n\t\t<\/section>\n\t\t\t\t<section class=\"elementor-section elementor-top-section elementor-element elementor-element-9346602 elementor-section-full_width elementor-section-height-default elementor-section-height-default\" data-id=\"9346602\" data-element_type=\"section\">\n\t\t\t\t\t\t<div class=\"elementor-container elementor-column-gap-no\">\n\t\t\t\t\t<div class=\"elementor-column elementor-col-100 elementor-top-column elementor-element elementor-element-7af7bfb\" data-id=\"7af7bfb\" data-element_type=\"column\">\n\t\t\t<div class=\"elementor-widget-wrap elementor-element-populated\">\n\t\t\t\t\t\t\t\t<div class=\"elementor-element elementor-element-ddec206 elementor-widget elementor-widget-google_maps\" data-id=\"ddec206\" data-element_type=\"widget\" data-widget_type=\"google_maps.default\">\n\t\t\t\t<div class=\"elementor-widget-container\">\n\t\t\t<div class=\"elementor-custom-embed\"><iframe frameborder=\"0\" scrolling=\"no\" marginheight=\"0\" marginwidth=\"0\" src=\"https:\/\/maps.google.com\/maps?q=Sacr%C3%A9%20coeur%203%2C%20Num%C3%A9ro%209450%2C%20Dakar&amp;t=m&amp;z=10&amp;output=embed&amp;iwloc=near\" title=\"Sacr\u00e9 coeur 3, Num\u00e9ro 9450, Dakar\" aria-label=\"Sacr\u00e9 coeur 3, Num\u00e9ro 9450, Dakar\"><\/iframe><\/div>\t\t<\/div>\n\t\t\t\t<\/div>\n\t\t\t\t\t<\/div>\n\t\t<\/div>\n\t\t\t\t\t\t\t<\/div>\n\t\t<\/section>\n\t\t\t\t<section class=\"elementor-section elementor-top-section elementor-element elementor-element-48b16b3 elementor-section-boxed elementor-section-height-default elementor-section-height-default\" data-id=\"48b16b3\" data-element_type=\"section\" data-settings=\"{&quot;background_background&quot;:&quot;classic&quot;}\">\n\t\t\t\t\t\t<div class=\"elementor-container elementor-column-gap-default\">\n\t\t\t\t\t<div class=\"elementor-column elementor-col-33 elementor-top-column elementor-element elementor-element-f0f528b\" data-id=\"f0f528b\" data-element_type=\"column\">\n\t\t\t<div class=\"elementor-widget-wrap elementor-element-populated\">\n\t\t\t\t\t\t\t\t<div class=\"elementor-element elementor-element-63f7d5b elementor-widget elementor-widget-tmx-juristic_social\" data-id=\"63f7d5b\" data-element_type=\"widget\" data-widget_type=\"tmx-juristic_social.default\">\n\t\t\t\t<div class=\"elementor-widget-container\">\n\t\t\t\t\t<div class=\"social-shortcode\">\n\t\t\t<div class=\"social-area\">\n      \t<ul class=\"clearfix\">\n\t\t\t\t\t<li><a href=\"#\"><i class=\"ti-facebook\"><\/i> <i class=\"fi \"><\/i><\/a><\/li><li><a href=\"#\"><i class=\"ti-twitter-alt\"><\/i> <i class=\"fi \"><\/i><\/a><\/li><li><a href=\"#\"><i class=\"ti-linkedin\"><\/i> <i class=\"fi \"><\/i><\/a><\/li><li><a href=\"#\"><i class=\"ti-pinterest-alt\"><\/i> <i class=\"fi \"><\/i><\/a><\/li>      \t<\/ul>\n  \t\t<\/div>\n  \t<\/div>\n\t\t\t\t<\/div>\n\t\t\t\t<\/div>\n\t\t\t\t\t<\/div>\n\t\t<\/div>\n\t\t\t\t<div class=\"elementor-column elementor-col-33 elementor-top-column elementor-element elementor-element-679b03e\" data-id=\"679b03e\" data-element_type=\"column\">\n\t\t\t<div class=\"elementor-widget-wrap elementor-element-populated\">\n\t\t\t\t\t\t\t\t<div class=\"elementor-element elementor-element-97d1952 elementor-widget elementor-widget-image\" data-id=\"97d1952\" data-element_type=\"widget\" data-widget_type=\"image.default\">\n\t\t\t\t<div class=\"elementor-widget-container\">\n\t\t\t\t\t<div class=\"elementor-image\">\n\t\t\t\t\t\t\t\t\t\t<img loading=\"lazy\" decoding=\"async\" width=\"248\" height=\"150\" src=\"https:\/\/salimto-partners.com\/wp-content\/uploads\/2021\/03\/cropped-Logo_Salimto.png\" class=\"attachment-large size-large\" alt=\"\" \/>\t\t\t\t\t\t\t\t\t\t\t<\/div>\n\t\t\t\t<\/div>\n\t\t\t\t<\/div>\n\t\t\t\t\t<\/div>\n\t\t<\/div>\n\t\t\t\t<div class=\"elementor-column elementor-col-33 elementor-top-column elementor-element elementor-element-0bd659f\" data-id=\"0bd659f\" data-element_type=\"column\">\n\t\t\t<div class=\"elementor-widget-wrap elementor-element-populated\">\n\t\t\t\t\t\t\t\t<div class=\"elementor-element elementor-element-72854bd elementor-widget elementor-widget-shortcode\" data-id=\"72854bd\" data-element_type=\"widget\" data-widget_type=\"shortcode.default\">\n\t\t\t\t<div class=\"elementor-widget-container\">\n\t\t\t\t\t<div class=\"elementor-shortcode\">Salimto-partners, votre atout business<\/div>\n\t\t\t\t<\/div>\n\t\t\t\t<\/div>\n\t\t\t\t\t<\/div>\n\t\t<\/div>\n\t\t\t\t\t\t\t<\/div>\n\t\t<\/section>\n\t\t\t\t\t\t<\/div>\n\t\t\t\t\t<\/div>\n\t\t","protected":false},"excerpt":{"rendered":"Contact Sacr\u00e9 coeur 3, Num\u00e9ro 9450 (Cot\u00e9 si\u00e8ge Expresso), Dakar Email contact@salimto-partners.com T\u00e9l\u00e9phone +221 77 849 97 75 \/ +221 33 823 03 90 Horaire de bureau Lundi &#8211; Vendredi : 09:00 \u2013 18:00 Formulaire de contact Besoin de conseils, Contactez-nous Vous pouvez utiliser ce formulaire pour nous contacter. Nous vous r\u00e9pondrons dans les plus ","protected":false},"author":1,"featured_media":0,"parent":0,"menu_order":0,"comment_status":"closed","ping_status":"closed","template":"elementor_header_footer","meta":{"footnotes":""},"class_list":["post-702","page","type-page","status-publish","hentry"],"yoast_head":"<!-- This site is optimized with the Yoast SEO plugin v27.5 - https:\/\/yoast.com\/product\/yoast-seo-wordpress\/ -->\n<title>Contact - Salimto-partners - Votre atout business...<\/title>\n<meta name=\"description\" content=\"SALIMTO Partners s\u2019appuie sur une \u00e9quipe de Partners tr\u00e8s sp\u00e9cialis\u00e9s en droit des affaires, droit public, droit des assurances.\" \/>\n<meta name=\"robots\" content=\"index, follow, max-snippet:-1, max-image-preview:large, max-video-preview:-1\" \/>\n<link rel=\"canonical\" href=\"https:\/\/salimto-partners.com\/index.php\/contact-salimto-partners\/\" \/>\n<meta property=\"og:locale\" content=\"fr_FR\" \/>\n<meta property=\"og:type\" content=\"article\" \/>\n<meta property=\"og:title\" content=\"Contact - Salimto-partners - Votre atout business...\" \/>\n<meta property=\"og:description\" content=\"SALIMTO Partners s\u2019appuie sur une \u00e9quipe de Partners tr\u00e8s sp\u00e9cialis\u00e9s en droit des affaires, droit public, droit des assurances.\" \/>\n<meta property=\"og:url\" content=\"https:\/\/salimto-partners.com\/index.php\/contact-salimto-partners\/\" \/>\n<meta property=\"og:site_name\" content=\"Salimto-partners\" \/>\n<meta property=\"article:modified_time\" content=\"2021-09-21T20:01:01+00:00\" \/>\n<meta property=\"og:image\" content=\"http:\/\/salimto-partners.com\/wp-content\/uploads\/2021\/03\/cropped-Logo_Salimto.png\" \/>\n<meta name=\"twitter:card\" content=\"summary_large_image\" \/>\n<meta name=\"twitter:label1\" content=\"Dur\u00e9e de lecture estim\u00e9e\" \/>\n\t<meta name=\"twitter:data1\" content=\"1 minute\" \/>\n<script type=\"application\/ld+json\" class=\"yoast-schema-graph\">{\"@context\":\"https:\\\/\\\/schema.org\",\"@graph\":[{\"@type\":\"WebPage\",\"@id\":\"https:\\\/\\\/salimto-partners.com\\\/index.php\\\/contact-salimto-partners\\\/\",\"url\":\"https:\\\/\\\/salimto-partners.com\\\/index.php\\\/contact-salimto-partners\\\/\",\"name\":\"Contact - Salimto-partners - Votre atout business...\",\"isPartOf\":{\"@id\":\"https:\\\/\\\/salimto-partners.com\\\/#website\"},\"primaryImageOfPage\":{\"@id\":\"https:\\\/\\\/salimto-partners.com\\\/index.php\\\/contact-salimto-partners\\\/#primaryimage\"},\"image\":{\"@id\":\"https:\\\/\\\/salimto-partners.com\\\/index.php\\\/contact-salimto-partners\\\/#primaryimage\"},\"thumbnailUrl\":\"http:\\\/\\\/salimto-partners.com\\\/wp-content\\\/uploads\\\/2021\\\/03\\\/cropped-Logo_Salimto.png\",\"datePublished\":\"2020-01-26T06:20:54+00:00\",\"dateModified\":\"2021-09-21T20:01:01+00:00\",\"description\":\"SALIMTO Partners s\u2019appuie sur une \u00e9quipe de Partners tr\u00e8s sp\u00e9cialis\u00e9s en droit des affaires, droit public, droit des assurances.\",\"breadcrumb\":{\"@id\":\"https:\\\/\\\/salimto-partners.com\\\/index.php\\\/contact-salimto-partners\\\/#breadcrumb\"},\"inLanguage\":\"fr-FR\",\"potentialAction\":[{\"@type\":\"ReadAction\",\"target\":[\"https:\\\/\\\/salimto-partners.com\\\/index.php\\\/contact-salimto-partners\\\/\"]}]},{\"@type\":\"ImageObject\",\"inLanguage\":\"fr-FR\",\"@id\":\"https:\\\/\\\/salimto-partners.com\\\/index.php\\\/contact-salimto-partners\\\/#primaryimage\",\"url\":\"https:\\\/\\\/salimto-partners.com\\\/wp-content\\\/uploads\\\/2021\\\/03\\\/cropped-Logo_Salimto.png\",\"contentUrl\":\"https:\\\/\\\/salimto-partners.com\\\/wp-content\\\/uploads\\\/2021\\\/03\\\/cropped-Logo_Salimto.png\",\"width\":248,\"height\":150},{\"@type\":\"BreadcrumbList\",\"@id\":\"https:\\\/\\\/salimto-partners.com\\\/index.php\\\/contact-salimto-partners\\\/#breadcrumb\",\"itemListElement\":[{\"@type\":\"ListItem\",\"position\":1,\"name\":\"Accueil\",\"item\":\"https:\\\/\\\/salimto-partners.com\\\/\"},{\"@type\":\"ListItem\",\"position\":2,\"name\":\"Contact\"}]},{\"@type\":\"WebSite\",\"@id\":\"https:\\\/\\\/salimto-partners.com\\\/#website\",\"url\":\"https:\\\/\\\/salimto-partners.com\\\/\",\"name\":\"Salimto-partners\",\"description\":\"Votre atout business\",\"publisher\":{\"@id\":\"https:\\\/\\\/salimto-partners.com\\\/#organization\"},\"potentialAction\":[{\"@type\":\"SearchAction\",\"target\":{\"@type\":\"EntryPoint\",\"urlTemplate\":\"https:\\\/\\\/salimto-partners.com\\\/?s={search_term_string}\"},\"query-input\":{\"@type\":\"PropertyValueSpecification\",\"valueRequired\":true,\"valueName\":\"search_term_string\"}}],\"inLanguage\":\"fr-FR\"},{\"@type\":\"Organization\",\"@id\":\"https:\\\/\\\/salimto-partners.com\\\/#organization\",\"name\":\"Salimto-partners\",\"url\":\"https:\\\/\\\/salimto-partners.com\\\/\",\"logo\":{\"@type\":\"ImageObject\",\"inLanguage\":\"fr-FR\",\"@id\":\"https:\\\/\\\/salimto-partners.com\\\/#\\\/schema\\\/logo\\\/image\\\/\",\"url\":\"http:\\\/\\\/salimto-partners.com\\\/wp-content\\\/uploads\\\/2021\\\/03\\\/cropped-400dpiLogo-scaled-1.jpg\",\"contentUrl\":\"http:\\\/\\\/salimto-partners.com\\\/wp-content\\\/uploads\\\/2021\\\/03\\\/cropped-400dpiLogo-scaled-1.jpg\",\"width\":2112,\"height\":1546,\"caption\":\"Salimto-partners\"},\"image\":{\"@id\":\"https:\\\/\\\/salimto-partners.com\\\/#\\\/schema\\\/logo\\\/image\\\/\"}}]}<\/script>\n<!-- \/ Yoast SEO plugin. -->","yoast_head_json":{"title":"Contact - Salimto-partners - Votre atout business...","description":"SALIMTO Partners s\u2019appuie sur une \u00e9quipe de Partners tr\u00e8s sp\u00e9cialis\u00e9s en droit des affaires, droit public, droit des assurances.","robots":{"index":"index","follow":"follow","max-snippet":"max-snippet:-1","max-image-preview":"max-image-preview:large","max-video-preview":"max-video-preview:-1"},"canonical":"https:\/\/salimto-partners.com\/index.php\/contact-salimto-partners\/","og_locale":"fr_FR","og_type":"article","og_title":"Contact - Salimto-partners - Votre atout business...","og_description":"SALIMTO Partners s\u2019appuie sur une \u00e9quipe de Partners tr\u00e8s sp\u00e9cialis\u00e9s en droit des affaires, droit public, droit des assurances.","og_url":"https:\/\/salimto-partners.com\/index.php\/contact-salimto-partners\/","og_site_name":"Salimto-partners","article_modified_time":"2021-09-21T20:01:01+00:00","og_image":[{"url":"http:\/\/salimto-partners.com\/wp-content\/uploads\/2021\/03\/cropped-Logo_Salimto.png","type":"","width":"","height":""}],"twitter_card":"summary_large_image","twitter_misc":{"Dur\u00e9e de lecture estim\u00e9e":"1 minute"},"schema":{"@context":"https:\/\/schema.org","@graph":[{"@type":"WebPage","@id":"https:\/\/salimto-partners.com\/index.php\/contact-salimto-partners\/","url":"https:\/\/salimto-partners.com\/index.php\/contact-salimto-partners\/","name":"Contact - Salimto-partners - Votre atout business...","isPartOf":{"@id":"https:\/\/salimto-partners.com\/#website"},"primaryImageOfPage":{"@id":"https:\/\/salimto-partners.com\/index.php\/contact-salimto-partners\/#primaryimage"},"image":{"@id":"https:\/\/salimto-partners.com\/index.php\/contact-salimto-partners\/#primaryimage"},"thumbnailUrl":"http:\/\/salimto-partners.com\/wp-content\/uploads\/2021\/03\/cropped-Logo_Salimto.png","datePublished":"2020-01-26T06:20:54+00:00","dateModified":"2021-09-21T20:01:01+00:00","description":"SALIMTO Partners s\u2019appuie sur une \u00e9quipe de Partners tr\u00e8s sp\u00e9cialis\u00e9s en droit des affaires, droit public, droit des assurances.","breadcrumb":{"@id":"https:\/\/salimto-partners.com\/index.php\/contact-salimto-partners\/#breadcrumb"},"inLanguage":"fr-FR","potentialAction":[{"@type":"ReadAction","target":["https:\/\/salimto-partners.com\/index.php\/contact-salimto-partners\/"]}]},{"@type":"ImageObject","inLanguage":"fr-FR","@id":"https:\/\/salimto-partners.com\/index.php\/contact-salimto-partners\/#primaryimage","url":"https:\/\/salimto-partners.com\/wp-content\/uploads\/2021\/03\/cropped-Logo_Salimto.png","contentUrl":"https:\/\/salimto-partners.com\/wp-content\/uploads\/2021\/03\/cropped-Logo_Salimto.png","width":248,"height":150},{"@type":"BreadcrumbList","@id":"https:\/\/salimto-partners.com\/index.php\/contact-salimto-partners\/#breadcrumb","itemListElement":[{"@type":"ListItem","position":1,"name":"Accueil","item":"https:\/\/salimto-partners.com\/"},{"@type":"ListItem","position":2,"name":"Contact"}]},{"@type":"WebSite","@id":"https:\/\/salimto-partners.com\/#website","url":"https:\/\/salimto-partners.com\/","name":"Salimto-partners","description":"Votre atout business","publisher":{"@id":"https:\/\/salimto-partners.com\/#organization"},"potentialAction":[{"@type":"SearchAction","target":{"@type":"EntryPoint","urlTemplate":"https:\/\/salimto-partners.com\/?s={search_term_string}"},"query-input":{"@type":"PropertyValueSpecification","valueRequired":true,"valueName":"search_term_string"}}],"inLanguage":"fr-FR"},{"@type":"Organization","@id":"https:\/\/salimto-partners.com\/#organization","name":"Salimto-partners","url":"https:\/\/salimto-partners.com\/","logo":{"@type":"ImageObject","inLanguage":"fr-FR","@id":"https:\/\/salimto-partners.com\/#\/schema\/logo\/image\/","url":"http:\/\/salimto-partners.com\/wp-content\/uploads\/2021\/03\/cropped-400dpiLogo-scaled-1.jpg","contentUrl":"http:\/\/salimto-partners.com\/wp-content\/uploads\/2021\/03\/cropped-400dpiLogo-scaled-1.jpg","width":2112,"height":1546,"caption":"Salimto-partners"},"image":{"@id":"https:\/\/salimto-partners.com\/#\/schema\/logo\/image\/"}}]}},"_links":{"self":[{"href":"https:\/\/salimto-partners.com\/index.php\/wp-json\/wp\/v2\/pages\/702","targetHints":{"allow":["GET"]}}],"collection":[{"href":"https:\/\/salimto-partners.com\/index.php\/wp-json\/wp\/v2\/pages"}],"about":[{"href":"https:\/\/salimto-partners.com\/index.php\/wp-json\/wp\/v2\/types\/page"}],"author":[{"embeddable":true,"href":"https:\/\/salimto-partners.com\/index.php\/wp-json\/wp\/v2\/users\/1"}],"replies":[{"embeddable":true,"href":"https:\/\/salimto-partners.com\/index.php\/wp-json\/wp\/v2\/comments?post=702"}],"version-history":[{"count":36,"href":"https:\/\/salimto-partners.com\/index.php\/wp-json\/wp\/v2\/pages\/702\/revisions"}],"predecessor-version":[{"id":1578,"href":"https:\/\/salimto-partners.com\/index.php\/wp-json\/wp\/v2\/pages\/702\/revisions\/1578"}],"wp:attachment":[{"href":"https:\/\/salimto-partners.com\/index.php\/wp-json\/wp\/v2\/media?parent=702"}],"curies":[{"name":"wp","href":"https:\/\/api.w.org\/{rel}","templated":true}]}}