{"id":701,"date":"2020-01-26T06:20:24","date_gmt":"2020-01-26T06:20:24","guid":{"rendered":"http:\/\/juristic.themegeniuslab.com\/?page_id=16"},"modified":"2021-03-06T18:43:20","modified_gmt":"2021-03-06T17:43:20","slug":"blog","status":"publish","type":"page","link":"https:\/\/salimto-partners.com\/index.php\/blog\/","title":{"rendered":"Actualit\u00e9"},"content":{"rendered":"","protected":false},"excerpt":{"rendered":"","protected":false},"author":1,"featured_media":0,"parent":0,"menu_order":0,"comment_status":"closed","ping_status":"closed","template":"","meta":{"footnotes":""},"class_list":["post-701","page","type-page","status-publish","hentry"],"yoast_head":"<!-- This site is optimized with the Yoast SEO plugin v27.5 - https:\/\/yoast.com\/product\/yoast-seo-wordpress\/ -->\n<title>Actualit\u00e9 - Salimto-partners<\/title>\n<meta name=\"description\" content=\"SALIMTO Partners s\u2019appuie sur une \u00e9quipe de Partners tr\u00e8s sp\u00e9cialis\u00e9s en droit des affaires, droit public, droit des assurances, finances d\u2019entreprises\" \/>\n<meta name=\"robots\" content=\"index, follow, max-snippet:-1, max-image-preview:large, max-video-preview:-1\" \/>\n<link rel=\"canonical\" href=\"https:\/\/salimto-partners.com\/index.php\/blog\/\" \/>\n<meta property=\"og:locale\" content=\"fr_FR\" \/>\n<meta property=\"og:type\" content=\"article\" \/>\n<meta property=\"og:title\" content=\"Actualit\u00e9 - Salimto-partners\" \/>\n<meta property=\"og:description\" content=\"SALIMTO Partners s\u2019appuie sur une \u00e9quipe de Partners tr\u00e8s sp\u00e9cialis\u00e9s en droit des affaires, droit public, droit des assurances, finances d\u2019entreprises\" \/>\n<meta property=\"og:url\" content=\"https:\/\/salimto-partners.com\/index.php\/blog\/\" \/>\n<meta property=\"og:site_name\" content=\"Salimto-partners\" \/>\n<meta property=\"article:modified_time\" content=\"2021-03-06T17:43:20+00:00\" \/>\n<meta name=\"twitter:card\" content=\"summary_large_image\" \/>\n<script type=\"application\/ld+json\" class=\"yoast-schema-graph\">{\"@context\":\"https:\\\/\\\/schema.org\",\"@graph\":[{\"@type\":\"WebPage\",\"@id\":\"https:\\\/\\\/salimto-partners.com\\\/index.php\\\/blog\\\/\",\"url\":\"https:\\\/\\\/salimto-partners.com\\\/index.php\\\/blog\\\/\",\"name\":\"Actualit\u00e9 - Salimto-partners\",\"isPartOf\":{\"@id\":\"https:\\\/\\\/salimto-partners.com\\\/#website\"},\"datePublished\":\"2020-01-26T06:20:24+00:00\",\"dateModified\":\"2021-03-06T17:43:20+00:00\",\"description\":\"SALIMTO Partners s\u2019appuie sur une \u00e9quipe de Partners tr\u00e8s sp\u00e9cialis\u00e9s en droit des affaires, droit public, droit des assurances, finances d\u2019entreprises\",\"breadcrumb\":{\"@id\":\"https:\\\/\\\/salimto-partners.com\\\/index.php\\\/blog\\\/#breadcrumb\"},\"inLanguage\":\"fr-FR\",\"potentialAction\":[{\"@type\":\"ReadAction\",\"target\":[\"https:\\\/\\\/salimto-partners.com\\\/index.php\\\/blog\\\/\"]}]},{\"@type\":\"BreadcrumbList\",\"@id\":\"https:\\\/\\\/salimto-partners.com\\\/index.php\\\/blog\\\/#breadcrumb\",\"itemListElement\":[{\"@type\":\"ListItem\",\"position\":1,\"name\":\"Accueil\",\"item\":\"https:\\\/\\\/salimto-partners.com\\\/\"},{\"@type\":\"ListItem\",\"position\":2,\"name\":\"Actualit\u00e9\"}]},{\"@type\":\"WebSite\",\"@id\":\"https:\\\/\\\/salimto-partners.com\\\/#website\",\"url\":\"https:\\\/\\\/salimto-partners.com\\\/\",\"name\":\"Salimto-partners\",\"description\":\"Votre atout business\",\"publisher\":{\"@id\":\"https:\\\/\\\/salimto-partners.com\\\/#organization\"},\"potentialAction\":[{\"@type\":\"SearchAction\",\"target\":{\"@type\":\"EntryPoint\",\"urlTemplate\":\"https:\\\/\\\/salimto-partners.com\\\/?s={search_term_string}\"},\"query-input\":{\"@type\":\"PropertyValueSpecification\",\"valueRequired\":true,\"valueName\":\"search_term_string\"}}],\"inLanguage\":\"fr-FR\"},{\"@type\":\"Organization\",\"@id\":\"https:\\\/\\\/salimto-partners.com\\\/#organization\",\"name\":\"Salimto-partners\",\"url\":\"https:\\\/\\\/salimto-partners.com\\\/\",\"logo\":{\"@type\":\"ImageObject\",\"inLanguage\":\"fr-FR\",\"@id\":\"https:\\\/\\\/salimto-partners.com\\\/#\\\/schema\\\/logo\\\/image\\\/\",\"url\":\"http:\\\/\\\/salimto-partners.com\\\/wp-content\\\/uploads\\\/2021\\\/03\\\/cropped-400dpiLogo-scaled-1.jpg\",\"contentUrl\":\"http:\\\/\\\/salimto-partners.com\\\/wp-content\\\/uploads\\\/2021\\\/03\\\/cropped-400dpiLogo-scaled-1.jpg\",\"width\":2112,\"height\":1546,\"caption\":\"Salimto-partners\"},\"image\":{\"@id\":\"https:\\\/\\\/salimto-partners.com\\\/#\\\/schema\\\/logo\\\/image\\\/\"}}]}<\/script>\n<!-- \/ Yoast SEO plugin. -->","yoast_head_json":{"title":"Actualit\u00e9 - Salimto-partners","description":"SALIMTO Partners s\u2019appuie sur une \u00e9quipe de Partners tr\u00e8s sp\u00e9cialis\u00e9s en droit des affaires, droit public, droit des assurances, finances d\u2019entreprises","robots":{"index":"index","follow":"follow","max-snippet":"max-snippet:-1","max-image-preview":"max-image-preview:large","max-video-preview":"max-video-preview:-1"},"canonical":"https:\/\/salimto-partners.com\/index.php\/blog\/","og_locale":"fr_FR","og_type":"article","og_title":"Actualit\u00e9 - Salimto-partners","og_description":"SALIMTO Partners s\u2019appuie sur une \u00e9quipe de Partners tr\u00e8s sp\u00e9cialis\u00e9s en droit des affaires, droit public, droit des assurances, finances d\u2019entreprises","og_url":"https:\/\/salimto-partners.com\/index.php\/blog\/","og_site_name":"Salimto-partners","article_modified_time":"2021-03-06T17:43:20+00:00","twitter_card":"summary_large_image","schema":{"@context":"https:\/\/schema.org","@graph":[{"@type":"WebPage","@id":"https:\/\/salimto-partners.com\/index.php\/blog\/","url":"https:\/\/salimto-partners.com\/index.php\/blog\/","name":"Actualit\u00e9 - Salimto-partners","isPartOf":{"@id":"https:\/\/salimto-partners.com\/#website"},"datePublished":"2020-01-26T06:20:24+00:00","dateModified":"2021-03-06T17:43:20+00:00","description":"SALIMTO Partners s\u2019appuie sur une \u00e9quipe de Partners tr\u00e8s sp\u00e9cialis\u00e9s en droit des affaires, droit public, droit des assurances, finances d\u2019entreprises","breadcrumb":{"@id":"https:\/\/salimto-partners.com\/index.php\/blog\/#breadcrumb"},"inLanguage":"fr-FR","potentialAction":[{"@type":"ReadAction","target":["https:\/\/salimto-partners.com\/index.php\/blog\/"]}]},{"@type":"BreadcrumbList","@id":"https:\/\/salimto-partners.com\/index.php\/blog\/#breadcrumb","itemListElement":[{"@type":"ListItem","position":1,"name":"Accueil","item":"https:\/\/salimto-partners.com\/"},{"@type":"ListItem","position":2,"name":"Actualit\u00e9"}]},{"@type":"WebSite","@id":"https:\/\/salimto-partners.com\/#website","url":"https:\/\/salimto-partners.com\/","name":"Salimto-partners","description":"Votre atout business","publisher":{"@id":"https:\/\/salimto-partners.com\/#organization"},"potentialAction":[{"@type":"SearchAction","target":{"@type":"EntryPoint","urlTemplate":"https:\/\/salimto-partners.com\/?s={search_term_string}"},"query-input":{"@type":"PropertyValueSpecification","valueRequired":true,"valueName":"search_term_string"}}],"inLanguage":"fr-FR"},{"@type":"Organization","@id":"https:\/\/salimto-partners.com\/#organization","name":"Salimto-partners","url":"https:\/\/salimto-partners.com\/","logo":{"@type":"ImageObject","inLanguage":"fr-FR","@id":"https:\/\/salimto-partners.com\/#\/schema\/logo\/image\/","url":"http:\/\/salimto-partners.com\/wp-content\/uploads\/2021\/03\/cropped-400dpiLogo-scaled-1.jpg","contentUrl":"http:\/\/salimto-partners.com\/wp-content\/uploads\/2021\/03\/cropped-400dpiLogo-scaled-1.jpg","width":2112,"height":1546,"caption":"Salimto-partners"},"image":{"@id":"https:\/\/salimto-partners.com\/#\/schema\/logo\/image\/"}}]}},"_links":{"self":[{"href":"https:\/\/salimto-partners.com\/index.php\/wp-json\/wp\/v2\/pages\/701","targetHints":{"allow":["GET"]}}],"collection":[{"href":"https:\/\/salimto-partners.com\/index.php\/wp-json\/wp\/v2\/pages"}],"about":[{"href":"https:\/\/salimto-partners.com\/index.php\/wp-json\/wp\/v2\/types\/page"}],"author":[{"embeddable":true,"href":"https:\/\/salimto-partners.com\/index.php\/wp-json\/wp\/v2\/users\/1"}],"replies":[{"embeddable":true,"href":"https:\/\/salimto-partners.com\/index.php\/wp-json\/wp\/v2\/comments?post=701"}],"version-history":[{"count":1,"href":"https:\/\/salimto-partners.com\/index.php\/wp-json\/wp\/v2\/pages\/701\/revisions"}],"predecessor-version":[{"id":878,"href":"https:\/\/salimto-partners.com\/index.php\/wp-json\/wp\/v2\/pages\/701\/revisions\/878"}],"wp:attachment":[{"href":"https:\/\/salimto-partners.com\/index.php\/wp-json\/wp\/v2\/media?parent=701"}],"curies":[{"name":"wp","href":"https:\/\/api.w.org\/{rel}","templated":true}]}}