{"id":32,"date":"2020-01-26T06:23:52","date_gmt":"2020-01-26T05:23:52","guid":{"rendered":"http:\/\/juristic.themegeniuslab.com\/?page_id=32"},"modified":"2021-03-18T11:01:50","modified_gmt":"2021-03-18T10:01:50","slug":"services","status":"publish","type":"page","link":"https:\/\/salimto-partners.com\/index.php\/services\/","title":{"rendered":"Services"},"content":{"rendered":"\t\t<div data-elementor-type=\"wp-page\" data-elementor-id=\"32\" class=\"elementor elementor-32\" data-elementor-settings=\"[]\">\n\t\t\t\t\t\t\t<div class=\"elementor-section-wrap\">\n\t\t\t\t\t\t\t<section class=\"elementor-section elementor-top-section elementor-element elementor-element-e24ccb9 elementor-section-boxed elementor-section-height-default elementor-section-height-default\" data-id=\"e24ccb9\" data-element_type=\"section\">\n\t\t\t\t\t\t<div class=\"elementor-container elementor-column-gap-default\">\n\t\t\t\t\t<div class=\"elementor-column elementor-col-50 elementor-top-column elementor-element elementor-element-0ee0b07\" data-id=\"0ee0b07\" data-element_type=\"column\">\n\t\t\t<div class=\"elementor-widget-wrap elementor-element-populated\">\n\t\t\t\t\t\t\t\t<div class=\"elementor-element elementor-element-e75d16c elementor-widget elementor-widget-image\" data-id=\"e75d16c\" data-element_type=\"widget\" data-widget_type=\"image.default\">\n\t\t\t\t<div class=\"elementor-widget-container\">\n\t\t\t\t\t<div class=\"elementor-image\">\n\t\t\t\t\t\t\t\t\t\t<img decoding=\"async\" src=\"https:\/\/salimto-partners.com\/wp-content\/uploads\/2021\/03\/court-hammer-books-judgment-law-concept-1-scaled.jpg\" title=\"Judge\" alt=\"Justice. Judge hammer on the table\" \/>\t\t\t\t\t\t\t\t\t\t\t<\/div>\n\t\t\t\t<\/div>\n\t\t\t\t<\/div>\n\t\t\t\t<div class=\"elementor-element elementor-element-03e2bef elementor-widget elementor-widget-text-editor\" data-id=\"03e2bef\" data-element_type=\"widget\" data-widget_type=\"text-editor.default\">\n\t\t\t\t<div class=\"elementor-widget-container\">\n\t\t\t\t\t<div class=\"elementor-text-editor elementor-clearfix\"><\/div>\n\t\t\t\t<\/div>\n\t\t\t\t<\/div>\n\t\t\t\t\t<\/div>\n\t\t<\/div>\n\t\t\t\t<div class=\"elementor-column elementor-col-50 elementor-top-column elementor-element elementor-element-7a09f8b\" data-id=\"7a09f8b\" data-element_type=\"column\">\n\t\t\t<div class=\"elementor-widget-wrap elementor-element-populated\">\n\t\t\t\t\t\t\t\t<div class=\"elementor-element elementor-element-2d000d1 elementor-widget elementor-widget-text-editor\" data-id=\"2d000d1\" data-element_type=\"widget\" data-widget_type=\"text-editor.default\">\n\t\t\t\t<div class=\"elementor-widget-container\">\n\t\t\t\t\t<div class=\"elementor-text-editor elementor-clearfix\"><p><span style=\"font-weight: 400;\">La confidentialit\u00e9 est essentielle dans les affaires. SALIMTO Partners s\u2019engage \u00e0 garantir la confidentialit\u00e9 des affaires dont elle a la charge.<\/span><\/p><p><span style=\"font-weight: 400;\">SALIMTO PARTNERS\u00a0 accompagne ses clients dans de nombreux domaines du droit et de la finance en mati\u00e8re de conseil. Elle vous accompagne dans la recherche de solution amiable de vos diff\u00e9rends.<\/span><\/p><p><span style=\"font-weight: 400;\">SALIMTO PARTNERS apporte une pr\u00e9cieuse assistance \u00e0 ses clients, soci\u00e9t\u00e9s, entreprises individuelles, particuliers, dans le suivi des proc\u00e9dures contentieuses au S\u00e9n\u00e9gal et en France.<\/span><\/p><p><span style=\"font-weight: 400;\">SALIMTO PARTNERS intervient \u00e9galement comme interface dans la relation entre ses clients et les professionnels du droit (avocats, huissiers, notaires, mandataires de justice) pour un suivi efficace de vos affaires pr\u00e9 contentieuses et contentieuses et vous garantit un suivi rigoureux.<\/span><\/p><p><span style=\"font-weight: 400;\">Elle dispose d\u2019une \u00e9quipe de Partners tr\u00e8s sp\u00e9cialis\u00e9s, tr\u00e8s \u00e0 l\u2019\u00e9coute, et soucieux de la r\u00e9ussite de votre projet.<\/span><\/p><p><span style=\"font-weight: 400;\">Chaque Partner dispose de comp\u00e9tences particuli\u00e8res, qui garantissent un accompagnement perspicace des clients dans la concr\u00e9tisation de leurs projets et la r\u00e9solution des diff\u00e9rends.<\/span><\/p><\/div>\n\t\t\t\t<\/div>\n\t\t\t\t<\/div>\n\t\t\t\t\t<\/div>\n\t\t<\/div>\n\t\t\t\t\t\t\t<\/div>\n\t\t<\/section>\n\t\t\t\t<section class=\"elementor-section elementor-top-section elementor-element elementor-element-ba00aa4 elementor-section-full_width elementor-section-height-default elementor-section-height-default\" data-id=\"ba00aa4\" data-element_type=\"section\">\n\t\t\t\t\t\t<div class=\"elementor-container elementor-column-gap-no\">\n\t\t\t\t\t<div class=\"elementor-column elementor-col-100 elementor-top-column elementor-element elementor-element-b7da064\" data-id=\"b7da064\" data-element_type=\"column\">\n\t\t\t<div class=\"elementor-widget-wrap elementor-element-populated\">\n\t\t\t\t\t\t\t\t<div class=\"elementor-element elementor-element-5fe38aa elementor-widget elementor-widget-tmx-juristic_service\" data-id=\"5fe38aa\" data-element_type=\"widget\" data-settings=\"{&quot;service_about_image&quot;:{&quot;url&quot;:&quot;http:\\\/\\\/salimto-partners.com\\\/wp-content\\\/uploads\\\/2020\\\/02\\\/cta-bg.jpg&quot;,&quot;id&quot;:206}}\" data-widget_type=\"tmx-juristic_service.default\">\n\t\t\t\t<div class=\"elementor-widget-container\">\n\t\t\t\t\t<div class=\"service-section\">\n\t    <div class=\"content-area clearfix\">\n\t        <div class=\"left-col\"  style=\"background-image: url( https:\/\/salimto-partners.com\/wp-content\/uploads\/2020\/02\/cta-bg.jpg );\">\n\t            <div class=\"inner-content\">\n\t            \t<blockquote>L\u2019\u00e9quipe intervient au service d\u2019une client\u00e8le vari\u00e9e, nationale et internationale qui comprend notamment, des des PME et des entreprises de plus grande envergure. particuliers, associations, ONG, \u00e9tablissements de cr\u00e9dit, compagnie d\u2019assurances, des organismes institutionnels, \n<\/blockquote><h4>DIAGNE<\/h4><span>PDG de l&#039;entreprise<\/span>\t            <\/div>\n\t        <\/div>\n\t        <div class=\"right-col\">\n\t            <div class=\"section-title-s2\">\n\t            \t \t\t\t\t        \t\t\t<div class=\"icon\">\n\t\t\t\t                 <i class=\"fi fi flaticon-balance\"><\/i>\t\t\t\t            \t<\/div>\n\t\t\t\t          <span>En quoi nous sommes experts<\/span><h2> Domaines de pratique juridique<\/h2><p>SALIMTO Partners intervient dans diff\u00e9rents domaines <\/p>\t            <\/div>\n\t            <div class=\"service-grids clearfix\">\n                                <div class=\"grid\">\n                   <i class=\"fi fa fa-address-card-o\"><\/i><h3><a href=\"https:\/\/salimto-partners.com\/index.php\/service\/assistance-dans-les-litiges-detat-civil-au-senegal-et-en-france\/\">Litige d\u2019Etat civil<\/a><\/h3>                   <p><\/p>\n                <\/div>\n\t\t\t\t\t\t\t                 <div class=\"grid\">\n                   <i class=\"fi fa fa-check\"><\/i><h3><a href=\"https:\/\/salimto-partners.com\/index.php\/service\/recours-contre-les-refus-de-visa-dentree-en-france\/\">Recours contre les refus de visa d\u2019entr\u00e9e en France<\/a><\/h3>                   <p>`<\/p>\n                <\/div>\n\t\t\t\t\t\t\t                 <div class=\"grid\">\n                   <i class=\"fi fa fa-envelope-open-o\"><\/i><h3><a href=\"https:\/\/salimto-partners.com\/index.php\/service\/assistance-dans-le-suivi-des-contentieux-tant-au-senegal-quen-france\/\"> Suivi des contentieux<\/a><\/h3>                   <p><\/p>\n                <\/div>\n\t\t\t\t\t\t\t                 <div class=\"grid\">\n                   <i class=\"fi fa fa-briefcase\"><\/i><h3><a href=\"https:\/\/salimto-partners.com\/index.php\/service\/formation-continue-des-professionnels\/\">Formation continue des professionnels <\/a><\/h3>                   <p><\/p>\n                <\/div>\n\t\t\t\t\t\t\t                 <div class=\"grid\">\n                   <i class=\"fi flaticon-courthouse-1\"><\/i><h3><a href=\"https:\/\/salimto-partners.com\/index.php\/service\/legal-opinion-en-droit-ohada-et-droit-senegalais\/\">Droit OHADA et droit S\u00e9n\u00e9galais<\/a><\/h3>                   <p><\/p>\n                <\/div>\n\t\t\t\t\t\t\t                 <div class=\"grid\">\n                   <i class=\"fi flaticon-architecture-and-city\"><\/i><h3><a href=\"https:\/\/salimto-partners.com\/index.php\/service\/droit-de-la-commande-publique-ppp-marches-publics\/\">Droit de la commande publique, PPP, march\u00e9s publics<\/a><\/h3>                   <p><\/p>\n                <\/div>\n\t\t\t\t\t\t\t                 <div class=\"grid\">\n                   <i class=\"fi flaticon-home-3\"><\/i><h3><a href=\"https:\/\/salimto-partners.com\/index.php\/service\/droit-foncier-et-immobilier\/\">Droit foncier et immobilier<\/a><\/h3>                   <p><\/p>\n                <\/div>\n\t\t\t\t\t\t\t                 <div class=\"grid\">\n                   <i class=\"fi fa fa-files-o\"><\/i><h3><a href=\"https:\/\/salimto-partners.com\/index.php\/service\/assistance-juridique-et-administrative\/\">Assistance juridique et administrative<\/a><\/h3>                   <p><\/p>\n                <\/div>\n\t\t\t\t\t\t\t                 <div class=\"grid\">\n                   <i class=\"fi fa fa-connectdevelop\"><\/i><h3><a href=\"https:\/\/salimto-partners.com\/index.php\/service\/direction-juridique-externalisee\/\">Direction juridique externalis\u00e9e<\/a><\/h3>                   <p><\/p>\n                <\/div>\n\t\t\t\t\t\t\t                 <div class=\"grid\">\n                   <i class=\"fi flaticon-save-money\"><\/i><h3><a href=\"https:\/\/salimto-partners.com\/index.php\/service\/conseiljuridique\/\">Droit des affaires<\/a><\/h3>                   <p><\/p>\n                <\/div>\n\t\t\t\t\t\t\t                 <div class=\"grid\">\n                   <i class=\"fi flaticon-courthouse-1\"><\/i><h3><a href=\"https:\/\/salimto-partners.com\/index.php\/service\/recouvrement-des-creances\/\">Recouvrement de loyers et cr\u00e9ances<\/a><\/h3>                   <p><\/p>\n                <\/div>\n\t\t\t\t\t\t\t                 <div class=\"grid\">\n                   <i class=\"fi flaticon-thief\"><\/i><h3><a href=\"https:\/\/salimto-partners.com\/index.php\/service\/audits-de-projets\/\">Audit de projet<\/a><\/h3>                   <p><\/p>\n                <\/div>\n\t\t\t\t\t\t\t                 <div class=\"grid\">\n                   <i class=\"fi flaticon-wounded\"><\/i><h3><a href=\"https:\/\/salimto-partners.com\/index.php\/service\/finances-dentreprise\/\">Finance d&#039;Entreprise<\/a><\/h3>                   <p><\/p>\n                <\/div>\n\t\t\t\t\t\t\t \t            <\/div>\n\t        <\/div>\n\t    <\/div>\n\t\t<\/div>\n\t\t\n\n\t\t\t\t\t<\/div>\n\t\t\t\t<\/div>\n\t\t\t\t\t<\/div>\n\t\t<\/div>\n\t\t\t\t\t\t\t<\/div>\n\t\t<\/section>\n\t\t\t\t<section class=\"elementor-section elementor-top-section elementor-element elementor-element-baf1f1a elementor-section-boxed elementor-section-height-default elementor-section-height-default\" data-id=\"baf1f1a\" data-element_type=\"section\" data-settings=\"{&quot;background_background&quot;:&quot;classic&quot;}\">\n\t\t\t\t\t\t<div class=\"elementor-container elementor-column-gap-default\">\n\t\t\t\t\t<div class=\"elementor-column elementor-col-33 elementor-top-column elementor-element elementor-element-5eaddcc\" data-id=\"5eaddcc\" data-element_type=\"column\">\n\t\t\t<div class=\"elementor-widget-wrap elementor-element-populated\">\n\t\t\t\t\t\t\t\t<div class=\"elementor-element elementor-element-78f5913 elementor-widget elementor-widget-tmx-juristic_social\" data-id=\"78f5913\" data-element_type=\"widget\" data-widget_type=\"tmx-juristic_social.default\">\n\t\t\t\t<div class=\"elementor-widget-container\">\n\t\t\t\t\t<div class=\"social-shortcode\">\n\t\t\t<div class=\"social-area\">\n      \t<ul class=\"clearfix\">\n\t\t\t\t\t<li><a href=\"#\"><i class=\"ti-facebook\"><\/i> <i class=\"fi \"><\/i><\/a><\/li><li><a href=\"#\"><i class=\"ti-twitter-alt\"><\/i> <i class=\"fi \"><\/i><\/a><\/li><li><a href=\"#\"><i class=\"ti-linkedin\"><\/i> <i class=\"fi \"><\/i><\/a><\/li><li><a href=\"#\"><i class=\"ti-pinterest-alt\"><\/i> <i class=\"fi \"><\/i><\/a><\/li>      \t<\/ul>\n  \t\t<\/div>\n  \t<\/div>\n\t\t\t\t<\/div>\n\t\t\t\t<\/div>\n\t\t\t\t\t<\/div>\n\t\t<\/div>\n\t\t\t\t<div class=\"elementor-column elementor-col-33 elementor-top-column elementor-element elementor-element-098b1e5\" data-id=\"098b1e5\" data-element_type=\"column\">\n\t\t\t<div class=\"elementor-widget-wrap elementor-element-populated\">\n\t\t\t\t\t\t\t\t<div class=\"elementor-element elementor-element-7af2ac1 elementor-widget elementor-widget-image\" data-id=\"7af2ac1\" data-element_type=\"widget\" data-widget_type=\"image.default\">\n\t\t\t\t<div class=\"elementor-widget-container\">\n\t\t\t\t\t<div class=\"elementor-image\">\n\t\t\t\t\t\t\t\t\t\t<img loading=\"lazy\" decoding=\"async\" width=\"248\" height=\"150\" src=\"https:\/\/salimto-partners.com\/wp-content\/uploads\/2021\/03\/cropped-Logo_Salimto.png\" class=\"attachment-large size-large\" alt=\"\" \/>\t\t\t\t\t\t\t\t\t\t\t<\/div>\n\t\t\t\t<\/div>\n\t\t\t\t<\/div>\n\t\t\t\t\t<\/div>\n\t\t<\/div>\n\t\t\t\t<div class=\"elementor-column elementor-col-33 elementor-top-column elementor-element elementor-element-b282ff8\" data-id=\"b282ff8\" data-element_type=\"column\">\n\t\t\t<div class=\"elementor-widget-wrap elementor-element-populated\">\n\t\t\t\t\t\t\t\t<div class=\"elementor-element elementor-element-282327c elementor-widget elementor-widget-shortcode\" data-id=\"282327c\" data-element_type=\"widget\" data-widget_type=\"shortcode.default\">\n\t\t\t\t<div class=\"elementor-widget-container\">\n\t\t\t\t\t<div class=\"elementor-shortcode\">Salimto Partners, votre atout business.<\/div>\n\t\t\t\t<\/div>\n\t\t\t\t<\/div>\n\t\t\t\t\t<\/div>\n\t\t<\/div>\n\t\t\t\t\t\t\t<\/div>\n\t\t<\/section>\n\t\t\t\t\t\t<\/div>\n\t\t\t\t\t<\/div>\n\t\t","protected":false},"excerpt":{"rendered":"La confidentialit\u00e9 est essentielle dans les affaires. SALIMTO Partners s\u2019engage \u00e0 garantir la confidentialit\u00e9 des affaires dont elle a la charge. SALIMTO PARTNERS&nbsp; accompagne ses clients dans de nombreux domaines du droit et de la finance en mati\u00e8re de conseil. Elle vous accompagne dans la recherche de solution amiable de vos diff\u00e9rends. SALIMTO PARTNERS apporte ","protected":false},"author":1,"featured_media":0,"parent":0,"menu_order":0,"comment_status":"closed","ping_status":"closed","template":"elementor_header_footer","meta":{"footnotes":""},"class_list":["post-32","page","type-page","status-publish","hentry"],"yoast_head":"<!-- This site is optimized with the Yoast SEO plugin v27.5 - https:\/\/yoast.com\/product\/yoast-seo-wordpress\/ -->\n<title>Services - Salimto-partners<\/title>\n<meta name=\"description\" content=\"SALIMTO Partners s\u2019appuie sur une \u00e9quipe de Partners tr\u00e8s sp\u00e9cialis\u00e9s en droit des affaires, droit public, droit des assurances, finances d\u2019entreprises\" \/>\n<meta name=\"robots\" content=\"index, follow, max-snippet:-1, max-image-preview:large, max-video-preview:-1\" \/>\n<link rel=\"canonical\" href=\"https:\/\/salimto-partners.com\/index.php\/services\/\" \/>\n<meta property=\"og:locale\" content=\"fr_FR\" \/>\n<meta property=\"og:type\" content=\"article\" \/>\n<meta property=\"og:title\" content=\"Services - Salimto-partners\" \/>\n<meta property=\"og:description\" content=\"SALIMTO Partners s\u2019appuie sur une \u00e9quipe de Partners tr\u00e8s sp\u00e9cialis\u00e9s en droit des affaires, droit public, droit des assurances, finances d\u2019entreprises\" \/>\n<meta property=\"og:url\" content=\"https:\/\/salimto-partners.com\/index.php\/services\/\" \/>\n<meta property=\"og:site_name\" content=\"Salimto-partners\" \/>\n<meta property=\"article:modified_time\" content=\"2021-03-18T10:01:50+00:00\" \/>\n<meta property=\"og:image\" content=\"http:\/\/salimto-partners.com\/wp-content\/uploads\/elementor\/thumbs\/court-hammer-books-judgment-law-concept-1-scaled-p4e6cuxcyythec443fuis38n2m6zb6hj528vl32slo.jpg\" \/>\n<meta name=\"twitter:card\" content=\"summary_large_image\" \/>\n<meta name=\"twitter:label1\" content=\"Dur\u00e9e de lecture estim\u00e9e\" \/>\n\t<meta name=\"twitter:data1\" content=\"2 minutes\" \/>\n<script type=\"application\/ld+json\" class=\"yoast-schema-graph\">{\"@context\":\"https:\\\/\\\/schema.org\",\"@graph\":[{\"@type\":\"WebPage\",\"@id\":\"https:\\\/\\\/salimto-partners.com\\\/index.php\\\/services\\\/\",\"url\":\"https:\\\/\\\/salimto-partners.com\\\/index.php\\\/services\\\/\",\"name\":\"Services - Salimto-partners\",\"isPartOf\":{\"@id\":\"https:\\\/\\\/salimto-partners.com\\\/#website\"},\"primaryImageOfPage\":{\"@id\":\"https:\\\/\\\/salimto-partners.com\\\/index.php\\\/services\\\/#primaryimage\"},\"image\":{\"@id\":\"https:\\\/\\\/salimto-partners.com\\\/index.php\\\/services\\\/#primaryimage\"},\"thumbnailUrl\":\"http:\\\/\\\/salimto-partners.com\\\/wp-content\\\/uploads\\\/elementor\\\/thumbs\\\/court-hammer-books-judgment-law-concept-1-scaled-p4e6cuxcyythec443fuis38n2m6zb6hj528vl32slo.jpg\",\"datePublished\":\"2020-01-26T05:23:52+00:00\",\"dateModified\":\"2021-03-18T10:01:50+00:00\",\"description\":\"SALIMTO Partners s\u2019appuie sur une \u00e9quipe de Partners tr\u00e8s sp\u00e9cialis\u00e9s en droit des affaires, droit public, droit des assurances, finances d\u2019entreprises\",\"breadcrumb\":{\"@id\":\"https:\\\/\\\/salimto-partners.com\\\/index.php\\\/services\\\/#breadcrumb\"},\"inLanguage\":\"fr-FR\",\"potentialAction\":[{\"@type\":\"ReadAction\",\"target\":[\"https:\\\/\\\/salimto-partners.com\\\/index.php\\\/services\\\/\"]}]},{\"@type\":\"ImageObject\",\"inLanguage\":\"fr-FR\",\"@id\":\"https:\\\/\\\/salimto-partners.com\\\/index.php\\\/services\\\/#primaryimage\",\"url\":\"http:\\\/\\\/salimto-partners.com\\\/wp-content\\\/uploads\\\/elementor\\\/thumbs\\\/court-hammer-books-judgment-law-concept-1-scaled-p4e6cuxcyythec443fuis38n2m6zb6hj528vl32slo.jpg\",\"contentUrl\":\"http:\\\/\\\/salimto-partners.com\\\/wp-content\\\/uploads\\\/elementor\\\/thumbs\\\/court-hammer-books-judgment-law-concept-1-scaled-p4e6cuxcyythec443fuis38n2m6zb6hj528vl32slo.jpg\"},{\"@type\":\"BreadcrumbList\",\"@id\":\"https:\\\/\\\/salimto-partners.com\\\/index.php\\\/services\\\/#breadcrumb\",\"itemListElement\":[{\"@type\":\"ListItem\",\"position\":1,\"name\":\"Accueil\",\"item\":\"https:\\\/\\\/salimto-partners.com\\\/\"},{\"@type\":\"ListItem\",\"position\":2,\"name\":\"Services\"}]},{\"@type\":\"WebSite\",\"@id\":\"https:\\\/\\\/salimto-partners.com\\\/#website\",\"url\":\"https:\\\/\\\/salimto-partners.com\\\/\",\"name\":\"Salimto-partners\",\"description\":\"Votre atout business\",\"publisher\":{\"@id\":\"https:\\\/\\\/salimto-partners.com\\\/#organization\"},\"potentialAction\":[{\"@type\":\"SearchAction\",\"target\":{\"@type\":\"EntryPoint\",\"urlTemplate\":\"https:\\\/\\\/salimto-partners.com\\\/?s={search_term_string}\"},\"query-input\":{\"@type\":\"PropertyValueSpecification\",\"valueRequired\":true,\"valueName\":\"search_term_string\"}}],\"inLanguage\":\"fr-FR\"},{\"@type\":\"Organization\",\"@id\":\"https:\\\/\\\/salimto-partners.com\\\/#organization\",\"name\":\"Salimto-partners\",\"url\":\"https:\\\/\\\/salimto-partners.com\\\/\",\"logo\":{\"@type\":\"ImageObject\",\"inLanguage\":\"fr-FR\",\"@id\":\"https:\\\/\\\/salimto-partners.com\\\/#\\\/schema\\\/logo\\\/image\\\/\",\"url\":\"http:\\\/\\\/salimto-partners.com\\\/wp-content\\\/uploads\\\/2021\\\/03\\\/cropped-400dpiLogo-scaled-1.jpg\",\"contentUrl\":\"http:\\\/\\\/salimto-partners.com\\\/wp-content\\\/uploads\\\/2021\\\/03\\\/cropped-400dpiLogo-scaled-1.jpg\",\"width\":2112,\"height\":1546,\"caption\":\"Salimto-partners\"},\"image\":{\"@id\":\"https:\\\/\\\/salimto-partners.com\\\/#\\\/schema\\\/logo\\\/image\\\/\"}}]}<\/script>\n<!-- \/ Yoast SEO plugin. -->","yoast_head_json":{"title":"Services - Salimto-partners","description":"SALIMTO Partners s\u2019appuie sur une \u00e9quipe de Partners tr\u00e8s sp\u00e9cialis\u00e9s en droit des affaires, droit public, droit des assurances, finances d\u2019entreprises","robots":{"index":"index","follow":"follow","max-snippet":"max-snippet:-1","max-image-preview":"max-image-preview:large","max-video-preview":"max-video-preview:-1"},"canonical":"https:\/\/salimto-partners.com\/index.php\/services\/","og_locale":"fr_FR","og_type":"article","og_title":"Services - Salimto-partners","og_description":"SALIMTO Partners s\u2019appuie sur une \u00e9quipe de Partners tr\u00e8s sp\u00e9cialis\u00e9s en droit des affaires, droit public, droit des assurances, finances d\u2019entreprises","og_url":"https:\/\/salimto-partners.com\/index.php\/services\/","og_site_name":"Salimto-partners","article_modified_time":"2021-03-18T10:01:50+00:00","og_image":[{"url":"http:\/\/salimto-partners.com\/wp-content\/uploads\/elementor\/thumbs\/court-hammer-books-judgment-law-concept-1-scaled-p4e6cuxcyythec443fuis38n2m6zb6hj528vl32slo.jpg","type":"","width":"","height":""}],"twitter_card":"summary_large_image","twitter_misc":{"Dur\u00e9e de lecture estim\u00e9e":"2 minutes"},"schema":{"@context":"https:\/\/schema.org","@graph":[{"@type":"WebPage","@id":"https:\/\/salimto-partners.com\/index.php\/services\/","url":"https:\/\/salimto-partners.com\/index.php\/services\/","name":"Services - Salimto-partners","isPartOf":{"@id":"https:\/\/salimto-partners.com\/#website"},"primaryImageOfPage":{"@id":"https:\/\/salimto-partners.com\/index.php\/services\/#primaryimage"},"image":{"@id":"https:\/\/salimto-partners.com\/index.php\/services\/#primaryimage"},"thumbnailUrl":"http:\/\/salimto-partners.com\/wp-content\/uploads\/elementor\/thumbs\/court-hammer-books-judgment-law-concept-1-scaled-p4e6cuxcyythec443fuis38n2m6zb6hj528vl32slo.jpg","datePublished":"2020-01-26T05:23:52+00:00","dateModified":"2021-03-18T10:01:50+00:00","description":"SALIMTO Partners s\u2019appuie sur une \u00e9quipe de Partners tr\u00e8s sp\u00e9cialis\u00e9s en droit des affaires, droit public, droit des assurances, finances d\u2019entreprises","breadcrumb":{"@id":"https:\/\/salimto-partners.com\/index.php\/services\/#breadcrumb"},"inLanguage":"fr-FR","potentialAction":[{"@type":"ReadAction","target":["https:\/\/salimto-partners.com\/index.php\/services\/"]}]},{"@type":"ImageObject","inLanguage":"fr-FR","@id":"https:\/\/salimto-partners.com\/index.php\/services\/#primaryimage","url":"http:\/\/salimto-partners.com\/wp-content\/uploads\/elementor\/thumbs\/court-hammer-books-judgment-law-concept-1-scaled-p4e6cuxcyythec443fuis38n2m6zb6hj528vl32slo.jpg","contentUrl":"http:\/\/salimto-partners.com\/wp-content\/uploads\/elementor\/thumbs\/court-hammer-books-judgment-law-concept-1-scaled-p4e6cuxcyythec443fuis38n2m6zb6hj528vl32slo.jpg"},{"@type":"BreadcrumbList","@id":"https:\/\/salimto-partners.com\/index.php\/services\/#breadcrumb","itemListElement":[{"@type":"ListItem","position":1,"name":"Accueil","item":"https:\/\/salimto-partners.com\/"},{"@type":"ListItem","position":2,"name":"Services"}]},{"@type":"WebSite","@id":"https:\/\/salimto-partners.com\/#website","url":"https:\/\/salimto-partners.com\/","name":"Salimto-partners","description":"Votre atout business","publisher":{"@id":"https:\/\/salimto-partners.com\/#organization"},"potentialAction":[{"@type":"SearchAction","target":{"@type":"EntryPoint","urlTemplate":"https:\/\/salimto-partners.com\/?s={search_term_string}"},"query-input":{"@type":"PropertyValueSpecification","valueRequired":true,"valueName":"search_term_string"}}],"inLanguage":"fr-FR"},{"@type":"Organization","@id":"https:\/\/salimto-partners.com\/#organization","name":"Salimto-partners","url":"https:\/\/salimto-partners.com\/","logo":{"@type":"ImageObject","inLanguage":"fr-FR","@id":"https:\/\/salimto-partners.com\/#\/schema\/logo\/image\/","url":"http:\/\/salimto-partners.com\/wp-content\/uploads\/2021\/03\/cropped-400dpiLogo-scaled-1.jpg","contentUrl":"http:\/\/salimto-partners.com\/wp-content\/uploads\/2021\/03\/cropped-400dpiLogo-scaled-1.jpg","width":2112,"height":1546,"caption":"Salimto-partners"},"image":{"@id":"https:\/\/salimto-partners.com\/#\/schema\/logo\/image\/"}}]}},"_links":{"self":[{"href":"https:\/\/salimto-partners.com\/index.php\/wp-json\/wp\/v2\/pages\/32","targetHints":{"allow":["GET"]}}],"collection":[{"href":"https:\/\/salimto-partners.com\/index.php\/wp-json\/wp\/v2\/pages"}],"about":[{"href":"https:\/\/salimto-partners.com\/index.php\/wp-json\/wp\/v2\/types\/page"}],"author":[{"embeddable":true,"href":"https:\/\/salimto-partners.com\/index.php\/wp-json\/wp\/v2\/users\/1"}],"replies":[{"embeddable":true,"href":"https:\/\/salimto-partners.com\/index.php\/wp-json\/wp\/v2\/comments?post=32"}],"version-history":[{"count":76,"href":"https:\/\/salimto-partners.com\/index.php\/wp-json\/wp\/v2\/pages\/32\/revisions"}],"predecessor-version":[{"id":1250,"href":"https:\/\/salimto-partners.com\/index.php\/wp-json\/wp\/v2\/pages\/32\/revisions\/1250"}],"wp:attachment":[{"href":"https:\/\/salimto-partners.com\/index.php\/wp-json\/wp\/v2\/media?parent=32"}],"curies":[{"name":"wp","href":"https:\/\/api.w.org\/{rel}","templated":true}]}}