{"id":20,"date":"2020-01-26T06:21:21","date_gmt":"2020-01-26T06:21:21","guid":{"rendered":"http:\/\/juristic.themegeniuslab.com\/?page_id=20"},"modified":"2021-06-14T23:44:05","modified_gmt":"2021-06-14T21:44:05","slug":"cabinet-de-conseils","status":"publish","type":"page","link":"https:\/\/salimto-partners.com\/index.php\/cabinet-de-conseils\/","title":{"rendered":"Qui sommes-nous ?"},"content":{"rendered":"\t\t<div data-elementor-type=\"wp-page\" data-elementor-id=\"20\" class=\"elementor elementor-20\" data-elementor-settings=\"[]\">\n\t\t\t\t\t\t\t<div class=\"elementor-section-wrap\">\n\t\t\t\t\t\t\t<section class=\"elementor-section elementor-top-section elementor-element elementor-element-7e2c45f elementor-section-boxed elementor-section-height-default elementor-section-height-default\" data-id=\"7e2c45f\" data-element_type=\"section\">\n\t\t\t\t\t\t<div class=\"elementor-container elementor-column-gap-default\">\n\t\t\t\t\t<div class=\"elementor-column elementor-col-100 elementor-top-column elementor-element elementor-element-77240f5\" data-id=\"77240f5\" data-element_type=\"column\">\n\t\t\t<div class=\"elementor-widget-wrap elementor-element-populated\">\n\t\t\t\t\t\t\t\t<div class=\"elementor-element elementor-element-01d9513 elementor-widget elementor-widget-heading\" data-id=\"01d9513\" data-element_type=\"widget\" data-widget_type=\"heading.default\">\n\t\t\t\t<div class=\"elementor-widget-container\">\n\t\t\t<h2 class=\"elementor-heading-title elementor-size-large\">Salimto Partners, votre atout business<\/h2>\t\t<\/div>\n\t\t\t\t<\/div>\n\t\t\t\t\t<\/div>\n\t\t<\/div>\n\t\t\t\t\t\t\t<\/div>\n\t\t<\/section>\n\t\t\t\t<section class=\"elementor-section elementor-top-section elementor-element elementor-element-137f3ac elementor-section-boxed elementor-section-height-default elementor-section-height-default\" data-id=\"137f3ac\" data-element_type=\"section\">\n\t\t\t\t\t\t<div class=\"elementor-container elementor-column-gap-default\">\n\t\t\t\t\t<div class=\"elementor-column elementor-col-50 elementor-top-column elementor-element elementor-element-7d093a4\" data-id=\"7d093a4\" data-element_type=\"column\">\n\t\t\t<div class=\"elementor-widget-wrap elementor-element-populated\">\n\t\t\t\t\t\t\t\t<div class=\"elementor-element elementor-element-6674c7b elementor-widget elementor-widget-image\" data-id=\"6674c7b\" data-element_type=\"widget\" data-widget_type=\"image.default\">\n\t\t\t\t<div class=\"elementor-widget-container\">\n\t\t\t\t\t<div class=\"elementor-image\">\n\t\t\t\t\t\t\t\t\t\t<img decoding=\"async\" src=\"https:\/\/salimto-partners.com\/wp-content\/uploads\/2021\/03\/Capture-decran-2021-03-18-a-10.54.35.png\" title=\"Capture d\u2019\u00e9cran 2021-03-18 \u00e0 10.54.35\" alt=\"Capture d\u2019\u00e9cran 2021-03-18 \u00e0 10.54.35\" \/>\t\t\t\t\t\t\t\t\t\t\t<\/div>\n\t\t\t\t<\/div>\n\t\t\t\t<\/div>\n\t\t\t\t\t<\/div>\n\t\t<\/div>\n\t\t\t\t<div class=\"elementor-column elementor-col-50 elementor-top-column elementor-element elementor-element-388396d\" data-id=\"388396d\" data-element_type=\"column\">\n\t\t\t<div class=\"elementor-widget-wrap elementor-element-populated\">\n\t\t\t\t\t\t\t\t<div class=\"elementor-element elementor-element-97c0e77 elementor-widget elementor-widget-text-editor\" data-id=\"97c0e77\" data-element_type=\"widget\" data-widget_type=\"text-editor.default\">\n\t\t\t\t<div class=\"elementor-widget-container\">\n\t\t\t\t\t<div class=\"elementor-text-editor elementor-clearfix\"><p><span style=\"font-weight: 400;\">Implant\u00e9e \u00e0 Sacr\u00e9 Coeur 3, Dakar, \u00e0 proximit\u00e9 du si\u00e8ge Expresso S\u00e9n\u00e9gal, <strong>SALIMTO Partners<\/strong>, compte aujourd\u2019hui une \u00e9quipe de 10 Partners, qualifi\u00e9s dans diff\u00e9rents domaines du droit et de la finance d\u2019entreprise, de juristes et charg\u00e9s de missions, soucieux du succ\u00e8s et la s\u00e9curisation de vos business.<\/span><\/p><p><span style=\"font-weight: 400;\">L\u2019\u00e9quipe intervient au service d\u2019une client\u00e8le vari\u00e9e, nationale et internationale qui comprend notamment, des PME et des entreprises de plus grande envergure. particuliers, associations, ONG, \u00e9tablissements de cr\u00e9dit, compagnie d\u2019assurances, des organismes institutionnels,\u00a0<\/span><\/p><\/div>\n\t\t\t\t<\/div>\n\t\t\t\t<\/div>\n\t\t\t\t\t<\/div>\n\t\t<\/div>\n\t\t\t\t\t\t\t<\/div>\n\t\t<\/section>\n\t\t\t\t<section class=\"elementor-section elementor-top-section elementor-element elementor-element-a3613a3 elementor-section-boxed elementor-section-height-default elementor-section-height-default\" data-id=\"a3613a3\" data-element_type=\"section\">\n\t\t\t\t\t\t<div class=\"elementor-container elementor-column-gap-default\">\n\t\t\t\t\t<div class=\"elementor-column elementor-col-100 elementor-top-column elementor-element elementor-element-aae6c39\" data-id=\"aae6c39\" data-element_type=\"column\">\n\t\t\t<div class=\"elementor-widget-wrap elementor-element-populated\">\n\t\t\t\t\t\t\t\t<div class=\"elementor-element elementor-element-1cd14ed elementor-widget elementor-widget-tmx-juristic_feature\" data-id=\"1cd14ed\" data-element_type=\"widget\" data-settings=\"{&quot;feature_image&quot;:{&quot;url&quot;:&quot;http:\\\/\\\/juristic.themegeniuslab.com\\\/wp-content\\\/uploads\\\/2020\\\/01\\\/feature-info-col-bg.jpg&quot;,&quot;id&quot;:125}}\" data-widget_type=\"tmx-juristic_feature.default\">\n\t\t\t\t<div class=\"elementor-widget-container\">\n\t\t\t\t\t <div class=\"feature-section\">\n        <div class=\"row\">\n        \t        \t\t<div class=\"col col-lg-3 col-sm-6\">\n                <div class=\"info-col\"  style=\"background-image: url( https:\/\/salimto-partners.com\/wp-content\/uploads\/2020\/01\/feature-info-col-bg.jpg );\">\n                \t<h4>Pour obtenir les meilleurs services juridiques<\/h4><a href=\"http:\/\/salimto-partners.com\/index.php\/contact\/\"   class=\"theme-btn-s2\">Contactez-nous<\/a>                <\/div>\n            <\/div>\n        \t            <div class=\"col col-lg-3 col-sm-6\">\n                <div class=\"feature-grid\">\n                    <i class=\"fi flaticon-standard\"><\/i><h3>Avocats exp\u00e9riment\u00e9s<\/h3><p>Chaque Partner dispose de comp\u00e9tences particuli\u00e8res, qui garantissent un accompagnement perspicace des clients dans la concr\u00e9tisation de leurs projets et la r\u00e9solution des diff\u00e9rends.\n\n<p>                <\/div>\n            <\/div>\n                        <div class=\"col col-lg-3 col-sm-6\">\n                <div class=\"feature-grid\">\n                    <i class=\"fi flaticon-balance\"><\/i><h3>Confidentialit\u00e9<\/h3><p>La confidentialit\u00e9 est essentielle dans les affaires. SALIMTO Partners s\u2019engage \u00e0 garantir la confidentialit\u00e9 des affaires dont elle a la charge.\n<p>                <\/div>\n            <\/div>\n                        <div class=\"col col-lg-3 col-sm-6\">\n                <div class=\"feature-grid\">\n                    <i class=\"fi flaticon-parents\"><\/i><h3>conseil juridique<\/h3><p>SALIMTO PARTNERS  accompagne ses clients dans de nombreux domaines du droit et de la finance en mati\u00e8re de conseil. Elle vous accompagne dans la recherche de solution amiable de vos diff\u00e9rends.\n<p>                <\/div>\n            <\/div>\n                    <\/div>\n\t\t<\/div>\n\t\t\t\t<\/div>\n\t\t\t\t<\/div>\n\t\t\t\t\t<\/div>\n\t\t<\/div>\n\t\t\t\t\t\t\t<\/div>\n\t\t<\/section>\n\t\t\t\t<section class=\"elementor-section elementor-top-section elementor-element elementor-element-25e2572 elementor-section-boxed elementor-section-height-default elementor-section-height-default\" data-id=\"25e2572\" data-element_type=\"section\">\n\t\t\t\t\t\t<div class=\"elementor-container elementor-column-gap-default\">\n\t\t\t\t\t<div class=\"elementor-column elementor-col-100 elementor-top-column elementor-element elementor-element-616a353\" data-id=\"616a353\" data-element_type=\"column\">\n\t\t\t<div class=\"elementor-widget-wrap elementor-element-populated\">\n\t\t\t\t\t\t\t\t<div class=\"elementor-element elementor-element-ea52afd elementor-widget elementor-widget-tmx-juristic_title\" data-id=\"ea52afd\" data-element_type=\"widget\" data-widget_type=\"tmx-juristic_title.default\">\n\t\t\t\t<div class=\"elementor-widget-container\">\n\t\t\t\t\t \t<div class=\"col col-lg-6 col-lg-offset-3 col-md-8 col-md-offset-2 col-sm-10 col-sm-offset-1\">\n\t\t\t\t<div class=\"section-title-s3\">\n\t\t\t\t\t \t        \t\t\t<div class=\"icon\">\n\t                 <i class=\"fi fi flaticon-suitcase\"><\/i>\t            \t<\/div>\n\t        \t\t<span>Partners QUALIFI\u00c9S<\/span><h2>Rencontrez nos partners<\/h2><p>L\u2019\u00e9quipe\n\nSALIMTO Partners s\u2019appuie sur une \u00e9quipe de Partners tr\u00e8s sp\u00e9cialis\u00e9s en droit des affaires, droit public, droit des assurances, finances d\u2019entreprises.\n\nDot\u00e9s d\u2019une forte exp\u00e9rience \u00e0 l\u2019international, les Partners vous apportent un accompagnement sur mesure, dans le respect des meilleures pratiques business.\n<\/p>\t\t    <\/div>\n\t\t \t<\/div>\n\t\t\t\t<\/div>\n\t\t\t\t<\/div>\n\t\t\t\t\t<\/div>\n\t\t<\/div>\n\t\t\t\t\t\t\t<\/div>\n\t\t<\/section>\n\t\t\t\t<section class=\"elementor-section elementor-top-section elementor-element elementor-element-0a7e73d elementor-section-full_width elementor-section-height-default elementor-section-height-default\" data-id=\"0a7e73d\" data-element_type=\"section\">\n\t\t\t\t\t\t<div class=\"elementor-container elementor-column-gap-default\">\n\t\t\t\t\t<div class=\"elementor-column elementor-col-100 elementor-top-column elementor-element elementor-element-c655b2d\" data-id=\"c655b2d\" data-element_type=\"column\">\n\t\t\t<div class=\"elementor-widget-wrap elementor-element-populated\">\n\t\t\t\t\t\t\t\t<div class=\"elementor-element elementor-element-6dbd554 elementor-widget elementor-widget-tmx-juristic_cta\" data-id=\"6dbd554\" data-element_type=\"widget\" data-settings=\"{&quot;cta_image&quot;:{&quot;url&quot;:&quot;http:\\\/\\\/juristic.themegeniuslab.com\\\/wp-content\\\/uploads\\\/2020\\\/02\\\/cta-bg.jpg&quot;,&quot;id&quot;:206},&quot;cta_logo&quot;:{&quot;url&quot;:&quot;http:\\\/\\\/salimto-partners.com\\\/wp-content\\\/uploads\\\/2021\\\/03\\\/Logo_Salimto.png&quot;,&quot;id&quot;:739}}\" data-widget_type=\"tmx-juristic_cta.default\">\n\t\t\t\t<div class=\"elementor-widget-container\">\n\t\t\t  \t<div class=\"cta-section\"  style=\"background-image: url( https:\/\/salimto-partners.com\/wp-content\/uploads\/2020\/02\/cta-bg.jpg );\">\n  \t\t<div class=\"container\">\n      <div class=\"row\">\n          <div class=\"col col-xs-12\">\n          \t          \t\t <div class=\"cta-conetnt\">\n                  <div class=\"cta-logo\">\n                    <img decoding=\"async\" src=\"https:\/\/salimto-partners.com\/wp-content\/uploads\/2021\/03\/Logo_Salimto.png\" alt=\"\">                  <\/div>\n                   <h5>Votre partenaire business<\/h5><h2>Tel : 00221 78 292 94 75 \/ \n00221 33 823 03 90\n<\/h2><a href=\"http:\/\/salimto-partners.com\/index.php\/contact\/\" class=\"theme-btn-s3\">Prendre rendez-vous<\/a>              <\/div>\n          \t          <\/div>\n          <\/div>\n      <\/div>\n\t<\/div>\n\n\t\t\t<\/div>\n\t\t\t\t<\/div>\n\t\t\t\t\t<\/div>\n\t\t<\/div>\n\t\t\t\t\t\t\t<\/div>\n\t\t<\/section>\n\t\t\t\t<section class=\"elementor-section elementor-top-section elementor-element elementor-element-3d92934 elementor-section-boxed elementor-section-height-default elementor-section-height-default\" data-id=\"3d92934\" data-element_type=\"section\" data-settings=\"{&quot;background_background&quot;:&quot;classic&quot;}\">\n\t\t\t\t\t\t<div class=\"elementor-container elementor-column-gap-default\">\n\t\t\t\t\t<div class=\"elementor-column elementor-col-33 elementor-top-column elementor-element elementor-element-bec4480\" data-id=\"bec4480\" data-element_type=\"column\">\n\t\t\t<div class=\"elementor-widget-wrap elementor-element-populated\">\n\t\t\t\t\t\t\t\t<div class=\"elementor-element elementor-element-ad33145 elementor-widget elementor-widget-tmx-juristic_social\" data-id=\"ad33145\" data-element_type=\"widget\" data-widget_type=\"tmx-juristic_social.default\">\n\t\t\t\t<div class=\"elementor-widget-container\">\n\t\t\t\t\t<div class=\"social-shortcode\">\n\t\t\t<div class=\"social-area\">\n      \t<ul class=\"clearfix\">\n\t\t\t\t\t<li><a href=\"\"><i class=\"ti-facebook\"><\/i> <i class=\"fi \"><\/i><\/a><\/li><li><a href=\"\"><i class=\"ti-twitter-alt\"><\/i> <i class=\"fi \"><\/i><\/a><\/li><li><a href=\"\"><i class=\"ti-linkedin\"><\/i> <i class=\"fi \"><\/i><\/a><\/li><li><a href=\"\"><i class=\"ti-pinterest-alt\"><\/i> <i class=\"fi \"><\/i><\/a><\/li>      \t<\/ul>\n  \t\t<\/div>\n  \t<\/div>\n\t\t\t\t<\/div>\n\t\t\t\t<\/div>\n\t\t\t\t\t<\/div>\n\t\t<\/div>\n\t\t\t\t<div class=\"elementor-column elementor-col-33 elementor-top-column elementor-element elementor-element-b9e59b5\" data-id=\"b9e59b5\" data-element_type=\"column\">\n\t\t\t<div class=\"elementor-widget-wrap elementor-element-populated\">\n\t\t\t\t\t\t\t\t<div class=\"elementor-element elementor-element-9a22e51 elementor-widget elementor-widget-image\" data-id=\"9a22e51\" data-element_type=\"widget\" data-widget_type=\"image.default\">\n\t\t\t\t<div class=\"elementor-widget-container\">\n\t\t\t\t\t<div class=\"elementor-image\">\n\t\t\t\t\t\t\t\t\t\t<img loading=\"lazy\" decoding=\"async\" width=\"248\" height=\"150\" src=\"https:\/\/salimto-partners.com\/wp-content\/uploads\/2021\/03\/Logo_Salimto.png\" class=\"attachment-large size-large\" alt=\"\" \/>\t\t\t\t\t\t\t\t\t\t\t<\/div>\n\t\t\t\t<\/div>\n\t\t\t\t<\/div>\n\t\t\t\t\t<\/div>\n\t\t<\/div>\n\t\t\t\t<div class=\"elementor-column elementor-col-33 elementor-top-column elementor-element elementor-element-69ab3e9\" data-id=\"69ab3e9\" data-element_type=\"column\">\n\t\t\t<div class=\"elementor-widget-wrap elementor-element-populated\">\n\t\t\t\t\t\t\t\t<div class=\"elementor-element elementor-element-647aa12 elementor-widget elementor-widget-shortcode\" data-id=\"647aa12\" data-element_type=\"widget\" data-widget_type=\"shortcode.default\">\n\t\t\t\t<div class=\"elementor-widget-container\">\n\t\t\t\t\t<div class=\"elementor-shortcode\"><\/div>\n\t\t\t\t<\/div>\n\t\t\t\t<\/div>\n\t\t\t\t\t<\/div>\n\t\t<\/div>\n\t\t\t\t\t\t\t<\/div>\n\t\t<\/section>\n\t\t\t\t\t\t<\/div>\n\t\t\t\t\t<\/div>\n\t\t","protected":false},"excerpt":{"rendered":"Salimto Partners, votre atout business Implant\u00e9e \u00e0 Sacr\u00e9 Coeur 3, Dakar, \u00e0 proximit\u00e9 du si\u00e8ge Expresso S\u00e9n\u00e9gal, SALIMTO Partners, compte aujourd\u2019hui une \u00e9quipe de 10 Partners, qualifi\u00e9s dans diff\u00e9rents domaines du droit et de la finance d\u2019entreprise, de juristes et charg\u00e9s de missions, soucieux du succ\u00e8s et la s\u00e9curisation de vos business. L\u2019\u00e9quipe intervient au ","protected":false},"author":1,"featured_media":0,"parent":0,"menu_order":0,"comment_status":"closed","ping_status":"closed","template":"elementor_header_footer","meta":{"footnotes":""},"class_list":["post-20","page","type-page","status-publish","hentry"],"yoast_head":"<!-- This site is optimized with the Yoast SEO plugin v27.5 - https:\/\/yoast.com\/product\/yoast-seo-wordpress\/ -->\n<title>Qui sommes-nous ? - Salimto-partners - Cabinet de conseils<\/title>\n<meta name=\"description\" content=\"Dot\u00e9s d\u2019une forte exp\u00e9rience \u00e0 l\u2019international, les Partners vous apportent un accompagnement sur mesure dans le respect des meilleures pratiques business.\" \/>\n<meta name=\"robots\" content=\"index, follow, max-snippet:-1, max-image-preview:large, max-video-preview:-1\" \/>\n<link rel=\"canonical\" href=\"https:\/\/salimto-partners.com\/index.php\/cabinet-de-conseils\/\" \/>\n<meta property=\"og:locale\" content=\"fr_FR\" \/>\n<meta property=\"og:type\" content=\"article\" \/>\n<meta property=\"og:title\" content=\"Qui sommes-nous ? - Salimto-partners - Cabinet de conseils\" \/>\n<meta property=\"og:description\" content=\"Dot\u00e9s d\u2019une forte exp\u00e9rience \u00e0 l\u2019international, les Partners vous apportent un accompagnement sur mesure dans le respect des meilleures pratiques business.\" \/>\n<meta property=\"og:url\" content=\"https:\/\/salimto-partners.com\/index.php\/cabinet-de-conseils\/\" \/>\n<meta property=\"og:site_name\" content=\"Salimto-partners\" \/>\n<meta property=\"article:modified_time\" content=\"2021-06-14T21:44:05+00:00\" \/>\n<meta property=\"og:image\" content=\"http:\/\/salimto-partners.com\/wp-content\/uploads\/elementor\/thumbs\/Capture-decran-2021-03-18-a-10.54.35-p7ghvf6gfslifxwvegwjoj6p1a82k47ue52y6vzs8o.png\" \/>\n<meta name=\"twitter:card\" content=\"summary_large_image\" \/>\n<meta name=\"twitter:label1\" content=\"Dur\u00e9e de lecture estim\u00e9e\" \/>\n\t<meta name=\"twitter:data1\" content=\"2 minutes\" \/>\n<script type=\"application\/ld+json\" class=\"yoast-schema-graph\">{\"@context\":\"https:\\\/\\\/schema.org\",\"@graph\":[{\"@type\":\"WebPage\",\"@id\":\"https:\\\/\\\/salimto-partners.com\\\/index.php\\\/cabinet-de-conseils\\\/\",\"url\":\"https:\\\/\\\/salimto-partners.com\\\/index.php\\\/cabinet-de-conseils\\\/\",\"name\":\"Qui sommes-nous ? - Salimto-partners - Cabinet de conseils\",\"isPartOf\":{\"@id\":\"https:\\\/\\\/salimto-partners.com\\\/#website\"},\"primaryImageOfPage\":{\"@id\":\"https:\\\/\\\/salimto-partners.com\\\/index.php\\\/cabinet-de-conseils\\\/#primaryimage\"},\"image\":{\"@id\":\"https:\\\/\\\/salimto-partners.com\\\/index.php\\\/cabinet-de-conseils\\\/#primaryimage\"},\"thumbnailUrl\":\"http:\\\/\\\/salimto-partners.com\\\/wp-content\\\/uploads\\\/elementor\\\/thumbs\\\/Capture-decran-2021-03-18-a-10.54.35-p7ghvf6gfslifxwvegwjoj6p1a82k47ue52y6vzs8o.png\",\"datePublished\":\"2020-01-26T06:21:21+00:00\",\"dateModified\":\"2021-06-14T21:44:05+00:00\",\"description\":\"Dot\u00e9s d\u2019une forte exp\u00e9rience \u00e0 l\u2019international, les Partners vous apportent un accompagnement sur mesure dans le respect des meilleures pratiques business.\",\"breadcrumb\":{\"@id\":\"https:\\\/\\\/salimto-partners.com\\\/index.php\\\/cabinet-de-conseils\\\/#breadcrumb\"},\"inLanguage\":\"fr-FR\",\"potentialAction\":[{\"@type\":\"ReadAction\",\"target\":[\"https:\\\/\\\/salimto-partners.com\\\/index.php\\\/cabinet-de-conseils\\\/\"]}]},{\"@type\":\"ImageObject\",\"inLanguage\":\"fr-FR\",\"@id\":\"https:\\\/\\\/salimto-partners.com\\\/index.php\\\/cabinet-de-conseils\\\/#primaryimage\",\"url\":\"http:\\\/\\\/salimto-partners.com\\\/wp-content\\\/uploads\\\/elementor\\\/thumbs\\\/Capture-decran-2021-03-18-a-10.54.35-p7ghvf6gfslifxwvegwjoj6p1a82k47ue52y6vzs8o.png\",\"contentUrl\":\"http:\\\/\\\/salimto-partners.com\\\/wp-content\\\/uploads\\\/elementor\\\/thumbs\\\/Capture-decran-2021-03-18-a-10.54.35-p7ghvf6gfslifxwvegwjoj6p1a82k47ue52y6vzs8o.png\"},{\"@type\":\"BreadcrumbList\",\"@id\":\"https:\\\/\\\/salimto-partners.com\\\/index.php\\\/cabinet-de-conseils\\\/#breadcrumb\",\"itemListElement\":[{\"@type\":\"ListItem\",\"position\":1,\"name\":\"Accueil\",\"item\":\"https:\\\/\\\/salimto-partners.com\\\/\"},{\"@type\":\"ListItem\",\"position\":2,\"name\":\"Qui sommes-nous ?\"}]},{\"@type\":\"WebSite\",\"@id\":\"https:\\\/\\\/salimto-partners.com\\\/#website\",\"url\":\"https:\\\/\\\/salimto-partners.com\\\/\",\"name\":\"Salimto-partners\",\"description\":\"Votre atout business\",\"publisher\":{\"@id\":\"https:\\\/\\\/salimto-partners.com\\\/#organization\"},\"potentialAction\":[{\"@type\":\"SearchAction\",\"target\":{\"@type\":\"EntryPoint\",\"urlTemplate\":\"https:\\\/\\\/salimto-partners.com\\\/?s={search_term_string}\"},\"query-input\":{\"@type\":\"PropertyValueSpecification\",\"valueRequired\":true,\"valueName\":\"search_term_string\"}}],\"inLanguage\":\"fr-FR\"},{\"@type\":\"Organization\",\"@id\":\"https:\\\/\\\/salimto-partners.com\\\/#organization\",\"name\":\"Salimto-partners\",\"url\":\"https:\\\/\\\/salimto-partners.com\\\/\",\"logo\":{\"@type\":\"ImageObject\",\"inLanguage\":\"fr-FR\",\"@id\":\"https:\\\/\\\/salimto-partners.com\\\/#\\\/schema\\\/logo\\\/image\\\/\",\"url\":\"http:\\\/\\\/salimto-partners.com\\\/wp-content\\\/uploads\\\/2021\\\/03\\\/cropped-400dpiLogo-scaled-1.jpg\",\"contentUrl\":\"http:\\\/\\\/salimto-partners.com\\\/wp-content\\\/uploads\\\/2021\\\/03\\\/cropped-400dpiLogo-scaled-1.jpg\",\"width\":2112,\"height\":1546,\"caption\":\"Salimto-partners\"},\"image\":{\"@id\":\"https:\\\/\\\/salimto-partners.com\\\/#\\\/schema\\\/logo\\\/image\\\/\"}}]}<\/script>\n<!-- \/ Yoast SEO plugin. -->","yoast_head_json":{"title":"Qui sommes-nous ? - Salimto-partners - Cabinet de conseils","description":"Dot\u00e9s d\u2019une forte exp\u00e9rience \u00e0 l\u2019international, les Partners vous apportent un accompagnement sur mesure dans le respect des meilleures pratiques business.","robots":{"index":"index","follow":"follow","max-snippet":"max-snippet:-1","max-image-preview":"max-image-preview:large","max-video-preview":"max-video-preview:-1"},"canonical":"https:\/\/salimto-partners.com\/index.php\/cabinet-de-conseils\/","og_locale":"fr_FR","og_type":"article","og_title":"Qui sommes-nous ? - Salimto-partners - Cabinet de conseils","og_description":"Dot\u00e9s d\u2019une forte exp\u00e9rience \u00e0 l\u2019international, les Partners vous apportent un accompagnement sur mesure dans le respect des meilleures pratiques business.","og_url":"https:\/\/salimto-partners.com\/index.php\/cabinet-de-conseils\/","og_site_name":"Salimto-partners","article_modified_time":"2021-06-14T21:44:05+00:00","og_image":[{"url":"http:\/\/salimto-partners.com\/wp-content\/uploads\/elementor\/thumbs\/Capture-decran-2021-03-18-a-10.54.35-p7ghvf6gfslifxwvegwjoj6p1a82k47ue52y6vzs8o.png","type":"","width":"","height":""}],"twitter_card":"summary_large_image","twitter_misc":{"Dur\u00e9e de lecture estim\u00e9e":"2 minutes"},"schema":{"@context":"https:\/\/schema.org","@graph":[{"@type":"WebPage","@id":"https:\/\/salimto-partners.com\/index.php\/cabinet-de-conseils\/","url":"https:\/\/salimto-partners.com\/index.php\/cabinet-de-conseils\/","name":"Qui sommes-nous ? - Salimto-partners - Cabinet de conseils","isPartOf":{"@id":"https:\/\/salimto-partners.com\/#website"},"primaryImageOfPage":{"@id":"https:\/\/salimto-partners.com\/index.php\/cabinet-de-conseils\/#primaryimage"},"image":{"@id":"https:\/\/salimto-partners.com\/index.php\/cabinet-de-conseils\/#primaryimage"},"thumbnailUrl":"http:\/\/salimto-partners.com\/wp-content\/uploads\/elementor\/thumbs\/Capture-decran-2021-03-18-a-10.54.35-p7ghvf6gfslifxwvegwjoj6p1a82k47ue52y6vzs8o.png","datePublished":"2020-01-26T06:21:21+00:00","dateModified":"2021-06-14T21:44:05+00:00","description":"Dot\u00e9s d\u2019une forte exp\u00e9rience \u00e0 l\u2019international, les Partners vous apportent un accompagnement sur mesure dans le respect des meilleures pratiques business.","breadcrumb":{"@id":"https:\/\/salimto-partners.com\/index.php\/cabinet-de-conseils\/#breadcrumb"},"inLanguage":"fr-FR","potentialAction":[{"@type":"ReadAction","target":["https:\/\/salimto-partners.com\/index.php\/cabinet-de-conseils\/"]}]},{"@type":"ImageObject","inLanguage":"fr-FR","@id":"https:\/\/salimto-partners.com\/index.php\/cabinet-de-conseils\/#primaryimage","url":"http:\/\/salimto-partners.com\/wp-content\/uploads\/elementor\/thumbs\/Capture-decran-2021-03-18-a-10.54.35-p7ghvf6gfslifxwvegwjoj6p1a82k47ue52y6vzs8o.png","contentUrl":"http:\/\/salimto-partners.com\/wp-content\/uploads\/elementor\/thumbs\/Capture-decran-2021-03-18-a-10.54.35-p7ghvf6gfslifxwvegwjoj6p1a82k47ue52y6vzs8o.png"},{"@type":"BreadcrumbList","@id":"https:\/\/salimto-partners.com\/index.php\/cabinet-de-conseils\/#breadcrumb","itemListElement":[{"@type":"ListItem","position":1,"name":"Accueil","item":"https:\/\/salimto-partners.com\/"},{"@type":"ListItem","position":2,"name":"Qui sommes-nous ?"}]},{"@type":"WebSite","@id":"https:\/\/salimto-partners.com\/#website","url":"https:\/\/salimto-partners.com\/","name":"Salimto-partners","description":"Votre atout business","publisher":{"@id":"https:\/\/salimto-partners.com\/#organization"},"potentialAction":[{"@type":"SearchAction","target":{"@type":"EntryPoint","urlTemplate":"https:\/\/salimto-partners.com\/?s={search_term_string}"},"query-input":{"@type":"PropertyValueSpecification","valueRequired":true,"valueName":"search_term_string"}}],"inLanguage":"fr-FR"},{"@type":"Organization","@id":"https:\/\/salimto-partners.com\/#organization","name":"Salimto-partners","url":"https:\/\/salimto-partners.com\/","logo":{"@type":"ImageObject","inLanguage":"fr-FR","@id":"https:\/\/salimto-partners.com\/#\/schema\/logo\/image\/","url":"http:\/\/salimto-partners.com\/wp-content\/uploads\/2021\/03\/cropped-400dpiLogo-scaled-1.jpg","contentUrl":"http:\/\/salimto-partners.com\/wp-content\/uploads\/2021\/03\/cropped-400dpiLogo-scaled-1.jpg","width":2112,"height":1546,"caption":"Salimto-partners"},"image":{"@id":"https:\/\/salimto-partners.com\/#\/schema\/logo\/image\/"}}]}},"_links":{"self":[{"href":"https:\/\/salimto-partners.com\/index.php\/wp-json\/wp\/v2\/pages\/20","targetHints":{"allow":["GET"]}}],"collection":[{"href":"https:\/\/salimto-partners.com\/index.php\/wp-json\/wp\/v2\/pages"}],"about":[{"href":"https:\/\/salimto-partners.com\/index.php\/wp-json\/wp\/v2\/types\/page"}],"author":[{"embeddable":true,"href":"https:\/\/salimto-partners.com\/index.php\/wp-json\/wp\/v2\/users\/1"}],"replies":[{"embeddable":true,"href":"https:\/\/salimto-partners.com\/index.php\/wp-json\/wp\/v2\/comments?post=20"}],"version-history":[{"count":61,"href":"https:\/\/salimto-partners.com\/index.php\/wp-json\/wp\/v2\/pages\/20\/revisions"}],"predecessor-version":[{"id":1548,"href":"https:\/\/salimto-partners.com\/index.php\/wp-json\/wp\/v2\/pages\/20\/revisions\/1548"}],"wp:attachment":[{"href":"https:\/\/salimto-partners.com\/index.php\/wp-json\/wp\/v2\/media?parent=20"}],"curies":[{"name":"wp","href":"https:\/\/api.w.org\/{rel}","templated":true}]}}